{"id":1054,"date":"2020-03-03T12:06:50","date_gmt":"2020-03-03T10:06:50","guid":{"rendered":"https:\/\/ceccararad.ro\/ro\/?page_id=1054"},"modified":"2021-02-19T14:11:18","modified_gmt":"2021-02-19T12:11:18","slug":"taxe-si-cotizatii-2","status":"publish","type":"page","link":"https:\/\/ceccartulcea.ro\/ro\/membri\/sunt-membru-ceccar\/taxe-si-cotizatii-2\/","title":{"rendered":"Obtinere viza"},"content":{"rendered":"<section   class=\"fw-main-row  auto  fw-section-position-back\"    >\n\t\t\t<div class=\"fw-container\" >\n\t\t<div class=\"fw-row\">\n\t<div id=\"column-69dfd67ec15f7\" class=\"fw-col-sm-12 tf-sh-4bf7de7076824fb4c351a6d1039d0743\" >\n\t<div class=\"fw-wrap-col-inner clearfix  \"   >\n\t\t\t\t<div class=\"fw-col-inner\">\n\t\t\t<div class=\"fw-text-box tf-sh-b4a496c23a94b122350f1c9e2210e50c \" >\n\t<div class=\"fw-text-inner\">\n\t\t<p><strong><span style=\"font-size: 12pt;\">Informa\u021bii ob\u021binere viz\u0103, taxe \u0219i cotiza\u021bii profesionale<br \/><\/span><\/strong><\/p>\n\t<\/div>\n<\/div><div class=\"fw-divider-space space-sm  clearfix\"  ><\/div><div class=\"tf-sh-435841a89aa1e8b5e1a52a967d0eb145 fw-tabs fw-tabs-minimal fw-tabs-top \" >\n\t<ul class=\"nav nav-tabs nav-justified\">\n\t\t\t\t\t<li class=\"active\">\n\t\t\t\t<a href=\"#tab-cont-435841a89aa1e8b5e1a52a967d0eb145-1\" data-toggle=\"tab\">\n\t\t\t\t\t\n\t\t\t\t\t\t\t\t\t\t<span>Taxele de \u00eenscriere \u00een Tabloul Corpului <\/span>\n\t\t\t\t<\/a>\n\t\t\t<\/li>\n\t\t\t\t\t\t\t\t<li >\n\t\t\t\t<a href=\"#tab-cont-435841a89aa1e8b5e1a52a967d0eb145-2\" data-toggle=\"tab\">\n\t\t\t\t\t\n\t\t\t\t\t\t\t\t\t\t<span>Cotizatii profesionale anuale<\/span>\n\t\t\t\t<\/a>\n\t\t\t<\/li>\n\t\t\t\t\t\t\t\t<li >\n\t\t\t\t<a href=\"#tab-cont-435841a89aa1e8b5e1a52a967d0eb145-3\" data-toggle=\"tab\">\n\t\t\t\t\t\n\t\t\t\t\t\t\t\t\t\t<span>Declaratii necesare obtinerii vizei<\/span>\n\t\t\t\t<\/a>\n\t\t\t<\/li>\n\t\t\t\t\t\t\t\t<li >\n\t\t\t\t<a href=\"#tab-cont-435841a89aa1e8b5e1a52a967d0eb145-4\" data-toggle=\"tab\">\n\t\t\t\t\t\n\t\t\t\t\t\t\t\t\t\t<span>Rapoarte anuale de activitate<\/span>\n\t\t\t\t<\/a>\n\t\t\t<\/li>\n\t\t\t\t\t\t\t\t<li >\n\t\t\t\t<a href=\"#tab-cont-435841a89aa1e8b5e1a52a967d0eb145-5\" data-toggle=\"tab\">\n\t\t\t\t\t\n\t\t\t\t\t\t\t\t\t\t<span>Reglement\u0103ri privind acordarea vizei \u015fi plata cotiza\u0163iilor profesionale<\/span>\n\t\t\t\t<\/a>\n\t\t\t<\/li>\n\t\t\t\t\t\t<\/ul>\n\n\t<div class=\"tab-content clearfix\">\n\t\t\t\t\t<div id=\"tab-cont-435841a89aa1e8b5e1a52a967d0eb145-1\"\n\t\t\t     class=\"tab-pane fade in active\">\n\t\t\t\t\n\t\t\t\t\t\t\t\t\t<ul><li style=\"text-align: justify;\">exper\u021bi contabili: 40 Euro<\/li><li style=\"text-align: justify;\">contabili autoriza\u021bi: 20 Euro<\/li><li style=\"text-align: justify;\">societ\u0103\u021bi expertiz\u0103 cu capital autohton: 150 Euro<\/li><li style=\"text-align: justify;\">societ\u0103\u021bi de contabilitate cu capital autohton: 125 Euro<\/li><li style=\"text-align: justify;\">societ\u0103\u021bi cu capital mixt: 400 Euro<\/li><li style=\"text-align: justify;\">societ\u0103\u021bi cu capital str\u0103in: 500 Euro<\/li><\/ul>\t\t\t\t\t\t\t<\/div>\n\t\t\t\t\t\t<div id=\"tab-cont-435841a89aa1e8b5e1a52a967d0eb145-2\"\n\t\t\t     class=\"tab-pane fade \">\n\t\t\t\t\n\t\t\t\t\t\t\t\t\t<table width=\"984\"><tbody><tr><td style=\"text-align: center;\" width=\"666\"><strong>COTIZATII PROFESIONALE<\/strong><\/td><td style=\"text-align: center;\" width=\"90\"><strong>Cuantumul cotizatiilor la plata integrala pana la <\/strong><strong>28 februarie 2020<\/strong><\/td><td style=\"text-align: center;\" width=\"108\"><strong>Cuantumul cotizatiilor la plata integrala in perioada 01.03.2020 - <\/strong><strong>30 09.2020<\/strong><\/td><td style=\"text-align: center;\" width=\"120\"><strong>Penalitati calculate la soldul din cotizatia fixa in perioada 01.10.2020 - 31.12.2020<\/strong><\/td><\/tr><tr><td width=\"666\"><strong>Experti contabili \u2013 cotizatii fixe<\/strong><\/td><td width=\"90\"><\/td><td width=\"108\"><\/td><td rowspan=\"19\" width=\"120\">&nbsp;<\/p><p>&nbsp;<\/p><p>&nbsp;<\/p><p>&nbsp;<\/p><p>&nbsp;<\/p><p>&nbsp;<\/p><p>&nbsp;<\/p><p>&nbsp;<\/p><p>&nbsp;<\/p><p>&nbsp;<\/p><p>&nbsp;<\/p><p style=\"text-align: center;\">Penalitate 25% calculata la soldul cotizatiei fixe la 30 septembrie<\/p><\/td><\/tr><tr><td width=\"666\">Liber profesionisti (cu viza si parafa)<\/td><td style=\"text-align: center;\" width=\"90\">700<\/td><td style=\"text-align: center;\" width=\"108\">800<\/td><\/tr><tr><td width=\"666\">Angajati in alte entitati decat cele membre CECCAR, care <strong>nu<\/strong> exercita profesia (fara viza si fara parafa)<\/td><td style=\"text-align: center;\" width=\"90\">500<\/td><td style=\"text-align: center;\" width=\"108\">600<\/td><\/tr><tr><td width=\"666\">Administratori\/asociati in societati membre CECCAR, care exercita profesia atat individual cat si prin societate (cu viza si parafa)<\/td><td style=\"text-align: center;\" width=\"90\">600<\/td><td style=\"text-align: center;\" width=\"108\">800<\/td><\/tr><tr><td width=\"666\">Administratori\/asociati in societati membre CECCAR care <strong>nu <\/strong>exercita individual profesia, ci numai prin societate (cu viza si fara parafa)<\/td><td style=\"text-align: center;\" width=\"90\">500<\/td><td style=\"text-align: center;\" width=\"108\">600<\/td><\/tr><tr><td width=\"666\">Angajati in societati membre CECCAR cu norma intreaga, care exercita si individual profesia (cu viza si parafa)<\/td><td style=\"text-align: center;\" width=\"90\">700<\/td><td style=\"text-align: center;\" width=\"108\">800<\/td><\/tr><tr><td width=\"666\">Angajati in societati membre CECCAR cu norma intreaga care <strong>nu<\/strong> exercita individual profesia (fara viza si fara parafa)<\/td><td style=\"text-align: center;\" width=\"90\">400<\/td><td style=\"text-align: center;\" width=\"108\">500<\/td><\/tr><tr><td width=\"666\"><strong>Contabili autorizati\u2013 cotizatii fixe<\/strong><\/td><td style=\"text-align: center;\" width=\"90\"><\/td><td style=\"text-align: center;\" width=\"108\"><\/td><\/tr><tr><td width=\"666\">Liber profesionisti (cu viza si parafa)<\/td><td style=\"text-align: center;\" width=\"90\">570<\/td><td style=\"text-align: center;\" width=\"108\">670<\/td><\/tr><tr><td width=\"666\">Angajati in alte entitati decat cele membre CECCAR, care <strong>nu<\/strong> exercita profesia (fara viza si fara parafa)<\/td><td style=\"text-align: center;\" width=\"90\">300<\/td><td style=\"text-align: center;\" width=\"108\">400<\/td><\/tr><tr><td width=\"666\">Administratori\/asociati in societati membre CECCAR, care exercita profesia atat individual cat si prin societate (cu viza si parafa)<\/td><td style=\"text-align: center;\" width=\"90\">570<\/td><td style=\"text-align: center;\" width=\"108\">670<\/td><\/tr><tr><td width=\"666\">Administratori\/asociati in societati membre CECCAR care <strong>nu <\/strong>exercita individual profesia, ci numai prin societate (cu viza si fara parafa)<\/td><td style=\"text-align: center;\" width=\"90\">300<\/td><td style=\"text-align: center;\" width=\"108\">400<\/td><\/tr><tr><td width=\"666\">Angajati in societati membre CECCAR cu norma intreaga, care exercita si individual profesia (cu viza si parafa)<\/td><td style=\"text-align: center;\" width=\"90\">570<\/td><td style=\"text-align: center;\" width=\"108\">670<\/td><\/tr><tr><td width=\"666\">Angajati in societati membre CECCAR cu norma intreaga care <strong>nu<\/strong> exercita individual profesia (fara viza si fara parafa)<\/td><td style=\"text-align: center;\" width=\"90\">250<\/td><td style=\"text-align: center;\" width=\"108\">350<\/td><\/tr><tr><td width=\"666\"><strong>Societati de expertiza contabila si societati de contabilitate \u2013 cotizatii fixe<\/strong><\/td><td style=\"text-align: center;\" width=\"90\"><\/td><td style=\"text-align: center;\" width=\"108\"><\/td><\/tr><tr><td width=\"666\">Cu cifra totala de afaceri sub 100.000 euro<\/td><td style=\"text-align: center;\" width=\"90\">700<\/td><td style=\"text-align: center;\" width=\"108\">700<\/td><\/tr><tr><td width=\"666\">Cu cifra totala de afaceri peste 100.000 euro<\/td><td style=\"text-align: center;\" width=\"90\">800<\/td><td style=\"text-align: center;\" width=\"108\">800<\/td><\/tr><tr><td width=\"666\">Experti contabili si contabili autorizati inactivi \u2013 prezentare anuala adeverinta de incadrare in lege speciala (imposibilitate practicare profesie)<\/td><td style=\"text-align: center;\" width=\"90\">150<\/td><td style=\"text-align: center;\" width=\"108\">250<\/td><\/tr><tr><td width=\"666\">Membri aflati in concediu de crestere copil, a concediului de acomodare a minorului sau detasare\/angajare in strainatate \u2013 prezentare documentatie necesara de incadrare in aceasta categorie<\/td><td style=\"text-align: center;\" width=\"90\">150<\/td><td style=\"text-align: center;\" width=\"108\">250<\/td><\/tr><tr><td width=\"666\">Cotizatia variabila experti contabili, contabili autorizati si societati<\/td><td style=\"text-align: center;\" width=\"90\">0.75%<\/td><td style=\"text-align: center;\" width=\"108\">1.20%<\/td><td width=\"120\"><\/td><\/tr><tr><td colspan=\"4\" width=\"984\">Membri de onoare\/Presedintii de onoare sunt scutiti de cotizatia fixa doar daca acestia nu-si exercita profesia ca individual sau prin intermediul unei societati de expertiza sau societati de contabilitate cu viza anuala de exercitare a profesiei<\/td><\/tr><tr><td colspan=\"4\" width=\"984\">In cazul in care membrii Corpului \u2013persoane fizice, societati de expertiza contabila si societati de contabilitate, nu depun Declaratia privind modul de exercitare a profesiei pe anul in curs pana la 30 septembrie a anului curent, acestia vor fi debitati cu urmatoarele cotizatii:<\/p><p>-800 lei\/an pentru persoanele fizice;<\/p><p>-800 lei\/an pentru persoanele juridice, societati de contabilitate sau societati de expertiza contabila.<\/p><p>Suplimentar fata de sumele de mai sus se vor calcula penalitati de 25 %.<\/td><\/tr><tr><td colspan=\"4\" width=\"984\"><strong>Membri experti contabili si contabili autorizati care achita cotizatia fixa anuala, beneficiaza gratuit, doar pentru anul aferent cotizatiei, de cursurile de pregatire profesionala continua.<\/strong><\/td><\/tr><\/tbody><\/table>\t\t\t\t\t\t\t<\/div>\n\t\t\t\t\t\t<div id=\"tab-cont-435841a89aa1e8b5e1a52a967d0eb145-3\"\n\t\t\t     class=\"tab-pane fade \">\n\t\t\t\t\n\t\t\t\t\t\t\t\t\t<ul><li><a href=\"https:\/\/ceccartulcea.ro\/ro\/wp-content\/uploads\/2019\/11\/13-PF-DeclaratieAsigurareProfesionala.pdf\">Declaratie privind polita de asigurare<\/a><\/li><li><a href=\"https:\/\/ceccartulcea.ro\/ro\/wp-content\/uploads\/2019\/03\/Declaratie-cazier.pdf\" target=\"_blank\" rel=\"noopener\">Declaratie cazier<\/a><\/li><li><a href=\"https:\/\/ceccartulcea.ro\/ro\/wp-content\/uploads\/2019\/03\/Declaratie-capacitate-deplina.pdf\" target=\"_blank\" rel=\"noopener\">Declaratie de capacitate de exercitiu deplina<\/a><\/li><\/ul>\t\t\t\t\t\t\t<\/div>\n\t\t\t\t\t\t<div id=\"tab-cont-435841a89aa1e8b5e1a52a967d0eb145-4\"\n\t\t\t     class=\"tab-pane fade \">\n\t\t\t\t\n\t\t\t\t\t\t\t\t\t<header class=\"entry-header\"><h5 class=\"entry-title\">Depunere rapoarte de activitate pe anul 2020<\/h5><\/header><div class=\"entry-content clearfix\"><div class=\"fw-page-builder-content\"><section class=\"fw-main-row  auto  fw-section-position-back\"><div class=\"fw-container\"><div class=\"fw-row\"><div id=\"column-602fa9f3ef26f\" class=\"fw-col-sm-8 tf-sh-5d83ea6f1de9d07f1e10034d886e2ba5\"><div class=\"fw-wrap-col-inner clearfix  \"><div class=\"fw-col-inner\"><div class=\"fw-text-box tf-sh-efb572ed86d90cbcccfa8b156a0a7b6a \"><div class=\"fw-text-inner\"><p>Platforma de depunere a rapoartelor de activitate este opera\u0163ional\u0103.<\/p><p>V\u0103 reamintim faptul c\u0103 termenul de depunere a raportul de activitate pe anul 2020 \u015fi de plat\u0103 a cotiza\u0163ie este de 28 februarie 2021.<\/p><p>Raportul de activitate se depune exclusiv on-line pe platforma: <a href=\"https:\/\/raport.ceccar.ro\/\">https:\/\/raport.ceccar.ro\/<\/a><\/p><p>, iar datele de logare (user-ul \u015fi parola) sunt acelea\u015fi ca si anul trecut.<\/p><p>Plata cotiza\u0163iei se face doar prin virament bancar sau utiliz\u00e2nd cardul pe platforma de depunere a raportului.<\/p><p>\u00cen cadrul raportului trebuie s\u0103 ata\u015fa\u0163i urm\u0103toarle documente pentru <strong>persoane fizice membri activi<\/strong>:<\/p><ul><li>Copie carte de identitate<\/li><li><a href=\"https:\/\/ceccartulcea.ro\/ro\/wp-content\/uploads\/2021\/02\/Declaratie-proprie-raspundere-ca-nu-a-suferit-nicio-condamnare.pdf\">Declara\u0163ie pe proprie r\u0103spundere privind cazierul judiciar<\/a><\/li><li>Adeverin\u0163\u0103 medical\u0103 (medic psihiatru) \u2013 se depune odat\u0103 la 4 ani<\/li><li><a href=\"https:\/\/ceccartulcea.ro\/ro\/wp-content\/uploads\/2019\/03\/Declaratie-capacitate-deplina.pdf\">Declara\u0163ie pe proprie r\u0103spundere privind capacitatea deplin\u0103 de exerci\u0163iu<\/a><\/li><li><a href=\"https:\/\/ceccartulcea.ro\/ro\/wp-content\/uploads\/2019\/10\/13-PF-DeclaratieAsigurareProfesionala.pdf\">Declara\u0163ie pe proprie r\u0103spundere privind asigurarea profesional\u0103<\/a><\/li><li>Copie registru de \u00eencas\u0103ri \u015fi pl\u0103\u0163i<\/li><li>Raportul de activitate semnat olograf, dac\u0103 nu este semnat electronic<\/li><\/ul><p>Pentru <strong>persoane juridice<\/strong> \u00een cadrul raportului de activitate trebuie ata\u015fate urm\u0103toarele documente:<\/p><ul><li>Certificatul de \u00eenregistrare al societ\u0103\u0163ii la ORC<\/li><li>Balan\u0163a de verificare la 31.12.2020 \u2013 clasa 7<\/li><li>\u00cemputernicere dat\u0103 de administrator pentru persoana care semneaz\u0103 raportul (dac\u0103 este cazul)<\/li><li>Raportul de activitate semnat olograf, dac\u0103 nu este semnat electronic<\/li><\/ul><p>\u00cen cadrul raportului trebuie s\u0103 ata\u015fa\u0163i urm\u0103toarle documente pentru persoane <strong>fizice membri inactivi<\/strong>:<\/p><ul><li>Copie carte de identitate<\/li><li><a href=\"https:\/\/ceccartulcea.ro\/ro\/wp-content\/uploads\/2021\/02\/Declaratie-proprie-raspundere-ca-nu-a-suferit-nicio-condamnare.pdf\">Declara\u0163ie pe proprie r\u0103spundere privind cazierul judiciar<\/a><\/li><li>Adeverin\u0163\u0103 medical\u0103 (medic psihiatru) \u2013 se depune odat\u0103 la 4 ani<\/li><li><a href=\"https:\/\/ceccartulcea.ro\/ro\/wp-content\/uploads\/2019\/03\/Declaratie-capacitate-deplina.pdf\">Declara\u0163ie pe proprie r\u0103spundere privind capacitatea deplin\u0103 de exerci\u0163iu<\/a><\/li><li><a href=\"https:\/\/ceccartulcea.ro\/ro\/wp-content\/uploads\/2019\/10\/13-PF-DeclaratieAsigurareProfesionala.pdf\">Declara\u0163ie pe proprie r\u0103spundere privind asigurarea profesional\u0103<\/a><\/li><li>Adeverin\u0163\u0103 de la locul de munc\u0103 din care s\u0103 reias\u0103 c\u0103 se reg\u0103sesc \u00een situa\u0163ia de incompatibilitate prev\u0103zut\u0103 prin lege special\u0103<\/li><li>Raportul de activitate semnat olograf, dac\u0103 nu este semnat electronic<\/li><\/ul><p>Administratorii\/Asociatii din cadrul societatilor autorizate trebuie sa depuna Raport de activitate atat\u00a0pe societate cat si ca persoana fizica!<\/p><\/div><\/div><\/div><\/div><\/div><\/div><\/div><\/section><\/div><\/div>\t\t\t\t\t\t\t<\/div>\n\t\t\t\t\t\t<div id=\"tab-cont-435841a89aa1e8b5e1a52a967d0eb145-5\"\n\t\t\t     class=\"tab-pane fade \">\n\t\t\t\t\n\t\t\t\t\t\t\t\t\t<ul><li><a href=\"https:\/\/ceccartulcea.ro\/ro\/wp-content\/uploads\/2019\/10\/Metodologia-de-acordare-a-vizei-anuale-pentru-exercitarea-profesiei-2019.pdf\">Metodologia de acordare a vizei anuale pentru exercitarea profesiei \u2013 2019<\/a><\/li><li><a href=\"https:\/\/ceccartulcea.ro\/ro\/wp-content\/uploads\/2020\/03\/Sistemul-de-cotizatii-\u00een-cadrul-CECCAR-2019.pdf\">Sistemul de cotiza\u0163ii \u00een cadrul CECCAR - 2019<\/a><\/li><li><a href=\"https:\/\/ceccartulcea.ro\/ro\/wp-content\/uploads\/2019\/11\/Metodolog_stabilire-cotizatii-membru.pdf\">Metodologia de stabilire a cotiza\u0163iilor de membru<\/a><\/li><\/ul>\t\t\t\t\t\t\t<\/div>\n\t\t\t\t<\/div>\n<\/div><div class=\"fw-divider-space space-sm  clearfix\"  ><\/div>\t\t<\/div>\n\t<\/div>\n<\/div><\/div>\n\n\t<\/div>\n\t<\/section>\n","protected":false},"excerpt":{"rendered":"<p>Informa\u021bii ob\u021binere viz\u0103, taxe \u0219i cotiza\u021bii profesionale Taxele de \u00eenscriere \u00een Tabloul Corpului Cotizatii profesionale anuale Declaratii necesare obtinerii vizei Rapoarte anuale de activitate Reglement\u0103ri privind acordarea vizei \u015fi plata cotiza\u0163iilor profesionale exper\u021bi contabili: 40 [&hellip;]<\/p>\n","protected":false},"author":1,"featured_media":0,"parent":310,"menu_order":0,"comment_status":"closed","ping_status":"closed","template":"visual-builder-template.php","meta":{"footnotes":""},"class_list":["post-1054","page","type-page","status-publish","hentry"],"brizy_media":[],"_links":{"self":[{"href":"https:\/\/ceccartulcea.ro\/ro\/wp-json\/wp\/v2\/pages\/1054","targetHints":{"allow":["GET"]}}],"collection":[{"href":"https:\/\/ceccartulcea.ro\/ro\/wp-json\/wp\/v2\/pages"}],"about":[{"href":"https:\/\/ceccartulcea.ro\/ro\/wp-json\/wp\/v2\/types\/page"}],"author":[{"embeddable":true,"href":"https:\/\/ceccartulcea.ro\/ro\/wp-json\/wp\/v2\/users\/1"}],"replies":[{"embeddable":true,"href":"https:\/\/ceccartulcea.ro\/ro\/wp-json\/wp\/v2\/comments?post=1054"}],"version-history":[{"count":21,"href":"https:\/\/ceccartulcea.ro\/ro\/wp-json\/wp\/v2\/pages\/1054\/revisions"}],"predecessor-version":[{"id":4515,"href":"https:\/\/ceccartulcea.ro\/ro\/wp-json\/wp\/v2\/pages\/1054\/revisions\/4515"}],"up":[{"embeddable":true,"href":"https:\/\/ceccartulcea.ro\/ro\/wp-json\/wp\/v2\/pages\/310"}],"wp:attachment":[{"href":"https:\/\/ceccartulcea.ro\/ro\/wp-json\/wp\/v2\/media?parent=1054"}],"curies":[{"name":"wp","href":"https:\/\/api.w.org\/{rel}","templated":true}]}}