{"id":1607,"date":"2019-10-21T14:34:50","date_gmt":"2019-10-21T12:34:50","guid":{"rendered":"https:\/\/ceccararad.ro\/ro\/?page_id=1607"},"modified":"2021-03-12T16:28:26","modified_gmt":"2021-03-12T14:28:26","slug":"cariera","status":"publish","type":"page","link":"https:\/\/ceccartulcea.ro\/ro\/cariera\/","title":{"rendered":"Carier\u0103"},"content":{"rendered":"<section   class=\"fw-main-row  auto  fw-section-position-back\"    >\n\t\t\t<div class=\"fw-container\" >\n\t\t<div class=\"fw-row\">\n\t<div id=\"column-69dff95fbe9a7\" class=\"fw-col-sm-8 tf-sh-6ae49301e923afe9b329df925c3a74aa\" >\n\t<div class=\"fw-wrap-col-inner clearfix  \"   >\n\t\t\t\t<div class=\"fw-col-inner\">\n\t\t\t<div class=\"fw-text-box tf-sh-ddfcf916a42b4b32fb0c24f73687fd48 \" >\n\t<div class=\"fw-text-inner\">\n\t\t<h1>Posturi vacante \u2013 Filiala Harghita<\/h1>\n<p class=\"has-black-color has-text-color\"><span class=\"tadv-color\">Corpul Exper\u021bilor Contabili \u0219i Contabililor Autoriza\u021bi din Rom\u00e2nia organizeaz\u0103 concurs la sediul Filialei CECCAR Harghita din localitatea Miercurea Ciuc, Str. Harghita nr. 11, Jud. Hargita, \u00een vederea ocup\u0103rii urmatoarelor posturi:<\/span><\/p>\n<p class=\"has-black-color has-text-color\"><strong>\u2013 \u0218<u>ef Birou eviden\u021b\u0103 tablou<\/u><\/strong><\/p>\n<p class=\"has-black-color has-text-color\"><strong><u>\u2013 \u0218ef Birou stagiu \u0219i dezvoltare profesional\u0103 continu\u0103<\/u><\/strong><\/p>\n<p class=\"has-black-color has-text-color\"><strong><u>\u2013 Auditor de calitate<\/u><\/strong><\/p>\n<p><strong><em><span class=\"ugb-highlight\">Contractele de munc\u0103 sunt pe perioad\u0103 nedeterminat\u0103, cu program de lucru de 8 ore\/zi.<\/span><\/em><\/strong><\/p>\n<p><strong><span class=\"ugb-highlight\"><u>Condi\u0163iile generale pentru persoana care particip\u0103 la concurs<\/u>:<\/span><\/strong><\/p>\n<p><span class=\"ugb-highlight\">a) cet\u0103\u0163enia rom\u00e2n\u0103, cet\u0103\u0163enie a altor state membre ale Uniunii Europene sau a statelor apar\u0163in\u00e2nd Spa\u0163iului Economic European \u015fi domiciliul \u00een Rom\u00e2nia;<\/span><\/p>\n<p><span class=\"ugb-highlight\">b) \u00a0cunoa\u015fte limba rom\u00e2n\u0103, scris \u015fi vorbit;<\/span><\/p>\n<p><span class=\"ugb-highlight\">c) \u00a0v\u00e2rsta minim\u0103 reglementat\u0103 de prevederile legale;<\/span><\/p>\n<p><span class=\"ugb-highlight\">d)\u00a0 capacitate deplin\u0103 de exerci\u0163iu;<\/span><\/p>\n<p><span class=\"ugb-highlight\">e) starea de s\u0103n\u0103tate corespunz\u0103toare postului pentru care candideaz\u0103, atestat\u0103 pe baza adeverin\u0163ei medicale eliberate de medicul de familie sau de unit\u0103\u0163ile sanitare abilitate;<\/span><\/p>\n<p><span class=\"ugb-highlight\">f) \u00eendepline\u015fte condi\u0163iile de studii \u015fi, de vechime sau alte condi\u0163ii specifice potrivit cerin\u0163elor postului;<\/span><\/p>\n<p><span class=\"ugb-highlight\">g) nu a fost condamnat\u0103 definitiv pentru s\u0103v\u00e2r\u015firea unei infrac\u0163iuni contra umanit\u0103\u0163ii, contra statului ori contra autorit\u0103\u0163ii, de serviciu sau \u00een leg\u0103tur\u0103 cu serviciul, care \u00eempiedic\u0103 \u00eenf\u0103ptuirea justi\u0163iei, de fals ori a unor fapte de corup\u0163ie sau a unei infrac\u0163iuni s\u0103v\u00e2r\u015fite cu inten\u0163ie, care ar face-o incompatibil\u0103 cu exercitarea func\u0163iei, cu excep\u0163ia situa\u0163iei \u00een care a intervenit reabilitarea.<\/span><\/p>\n<p class=\"has-black-color has-text-color\"><strong><em><u>Condi\u0163ii specifice \u0219i cerin\u021be de participare la concurs:<\/u><\/em><\/strong><\/p>\n<ul>\n<li>studii superioare economice<em>; <\/em><\/li>\n<li>capacitate de analiz\u0103 \u015fi sintez\u0103;<\/li>\n<li>abilit\u0103\u0163i excelente de organizare, prioritizare \u015fi comunicare;<\/li>\n<li>rezisten\u0163\u0103 la stres, flexibilitate, aten\u0163ie la detalii, minu\u0163ios, perseveren\u0163\u0103 \u015fi disponibilitate pentru program prelungit;<\/li>\n<li>cuno\u015ftin\u0163e bune Microsoft Office;<\/li>\n<li>comportament profesional integru \u015fi conduit\u0103 irepro\u015fabil\u0103.<\/li>\n<\/ul>\n<p class=\"has-black-color has-text-color\"><strong>Dosarele de \u00eenscriere se vor depune p\u00e2n\u0103 la data 19.03.2021, inclusiv, ora 13.00, la sediul Filialei CECCAR Harghita<\/strong><\/p>\n<p class=\"has-black-color has-text-color\"><strong><u><span class=\"underline\">Concursul <\/span><\/u>se desf\u0103\u015foar\u0103 la sediul Filialei CECCAR Harghita \u00een data de 24.03.2021,\u00a0\u00eencep\u00e2nd cu ora 10.00.<\/strong><\/p>\n<p class=\"has-black-color has-text-color\"><strong><u>Acte necesare pentru dosarul de \u00eenscriere la concurs:<\/u><\/strong><\/p>\n<p class=\"has-black-color has-text-color\">1. cerere de \u00eenscriere la concurs;<\/p>\n<p class=\"has-black-color has-text-color\">2. CV-ul semnat pe fiecare pagin\u0103;<\/p>\n<p class=\"has-black-color has-text-color\">3. adeverin\u0163\u0103 medical\u0103 care s\u0103 ateste starea de s\u0103n\u0103tate corespunz\u0103toare eliberat\u0103 cu cel mult 6 luni anterior derul\u0103rii concursului de c\u0103tre medicul de familie al candidatului sau de c\u0103tre unit\u0103\u0163ile sanitare abilitate (adeverin\u0163a care atest\u0103 starea de s\u0103n\u0103tate con\u0163ine, \u00een clar, num\u0103rul, data, numele emitentului \u015fi calitatea acestuia, \u00een formatul standard stabilit de Ministerul S\u0103n\u0103t\u0103\u0163ii Publice).<\/p>\n<p class=\"has-black-color has-text-color\"><strong><span class=\"ugb-highlight\">BIBLIOGRAFIE \u0218EF BIROU EVIDEN\u021a\u0102 TABLOU<\/span><\/strong><\/p>\n<ol type=\"1\">\n<li><span class=\"tadv-color\">Ordonan\u021ba Guvernului nr. 65\/19 august 1994 privind organizarea activit\u0103\u021bii de expertiz\u0103 contabil\u0103 \u0219i a contabililor autoriza\u021bi, republicat\u0103;<\/span><\/li>\n<li><span class=\"tadv-color\">Regulamentul de Organizare \u0219i Func\u021bionare a Corpului Exper\u021bilor Contabili \u0219i Contabililor Autoriza\u021bi din Rom\u00e2nia, republicat;<\/span><\/li>\n<li><span class=\"tadv-color\">Metodologia de acordare a vizei aprobate prin HCN nr.78\/9 ianuarie 2017<\/span><\/li>\n<\/ol>\n<p><strong><span class=\"ugb-highlight\">BIBLIOGRAFIE \u0218EF BIROU STAGIU \u0218I DEZVOLTARE PROFESIONAL\u0102 CONTINU\u0102<\/span><\/strong><\/p>\n<ol class=\"has-black-color has-text-color\" type=\"1\">\n<li>Ordonan\u021ba Guvernului nr. 65\/19 august 1994 privind organizarea activit\u0103\u021bii de expertiz\u0103 contabil\u0103 \u0219i a contabililor autoriza\u021bi, republicat\u0103;<\/li>\n<li>Regulamentul de Organizare \u0219i Func\u021bionare a Corpului Exper\u021bilor Contabili \u0219i Contabililor Autoriza\u021bi din Rom\u00e2nia, republicat;<\/li>\n<li>Standardul profesional nr. 38 privind preg\u0103tirea profesional\u0103 continua a profesioni\u0219tilor contabili;<\/li>\n<\/ol>\n<p class=\"has-text-align-left has-black-color has-text-color\"><strong>BIBLIOGRAFIE AUDITOR DE CALITATE<\/strong><\/p>\n<ol type=\"1\">\n<li><span class=\"tadv-color\">Ordonan\u021ba Guvernului nr. 65\/19 august 1994 privind organizarea activit\u0103\u021bii de expertiz\u0103 contabil\u0103 \u0219i a contabililor autoriza\u021bi, republicat\u0103;<\/span><\/li>\n<li><span class=\"tadv-color\">Regulamentul de Organizare \u0219i Func\u021bionare a Corpului Exper\u021bilor Contabili \u0219i Contabililor Autoriza\u021bi din Rom\u00e2nia, republicat;<\/span><\/li>\n<li><span class=\"tadv-color\">Regulamentul privind auditul de calitate \u00een domeniul serviciilor contabile;<\/span><\/li>\n<li><span class=\"tadv-color\">Ghidul auditorului de calitate \u00een domeniul serviciilor contabile;<\/span><\/li>\n<li><span class=\"tadv-color\">Standardul profesional nr.35 privind expertizele contabile;<\/span><\/li>\n<li><span class=\"tadv-color\">Codul etic national al profesioni\u0219tilor contabili.<\/span><\/li>\n<\/ol>\n\t<\/div>\n<\/div>\t\t<\/div>\n\t<\/div>\n<\/div><div id=\"column-69dff95fbf0ac\" class=\"fw-col-sm-4 tf-sh-f9f9b3ff4a6fe8bada046201b21ba6e5\" >\n\t<div class=\"fw-wrap-col-inner clearfix  \"   >\n\t\t\t\t<div class=\"fw-col-inner\">\n\t\t\t\n\t\n\t\t<div class=\"fw-block-image-parent  \"  style=\"width: 100%; \">\n\t\t\t<span class=\"fw-block-image-child fw-ratio-1 fw-ratio-container\">\n\t\t\t\t<noscript itemscope itemtype=\"https:\/\/schema.org\/ImageObject\" itemprop=\"image\"><img decoding=\"async\" src=\"https:\/\/ceccartulcea.ro\/ro\/wp-content\/uploads\/2018\/11\/Logo-CECCAR-1.png\"  alt=\"Logo CECCAR\" data-maxdpr=\"1.7\" class=\"lazyload\" \/><meta itemprop=\"url\" content=\"https:\/\/ceccartulcea.ro\/ro\/wp-content\/uploads\/2018\/11\/Logo-CECCAR-1.png\"><meta itemprop=\"width\" content=\"512\"><meta itemprop=\"height\" content=\"512\"><\/noscript><img decoding=\"async\" src=\"data:image\/gif;base64,R0lGODlhAQABAIAAAAAAAP\/\/\/yH5BAEAAAAALAAAAAABAAEAAAIBRAA7\" data-sizes=\"auto\" data-srcset=\"https:\/\/ceccartulcea.ro\/ro\/wp-content\/uploads\/2018\/11\/Logo-CECCAR-1-150x150.png 150w, https:\/\/ceccartulcea.ro\/ro\/wp-content\/uploads\/2018\/11\/Logo-CECCAR-1-300x300.png 300w, https:\/\/ceccartulcea.ro\/ro\/wp-content\/uploads\/2018\/11\/Logo-CECCAR-1-300x300.png 300w, https:\/\/ceccartulcea.ro\/ro\/wp-content\/uploads\/2018\/11\/Logo-CECCAR-1-65x65.png 65w, https:\/\/ceccartulcea.ro\/ro\/wp-content\/uploads\/2018\/11\/Logo-CECCAR-1.png 512w\"   alt=\"Logo CECCAR\" data-maxdpr=\"1.7\" class=\"lazyload\" \/>\t\t\t\t\t\t\t<\/span>\n\t\t<\/div>\n\n\t\n\t\t<\/div>\n\t<\/div>\n<\/div><\/div>\n\n\t<\/div>\n\t<\/section>\n","protected":false},"excerpt":{"rendered":"<p>Posturi vacante \u2013 Filiala Harghita Corpul Exper\u021bilor Contabili \u0219i Contabililor Autoriza\u021bi din Rom\u00e2nia organizeaz\u0103 concurs la sediul Filialei CECCAR Harghita din localitatea Miercurea Ciuc, Str. Harghita nr. 11, Jud. Hargita, \u00een vederea ocup\u0103rii urmatoarelor posturi: [&hellip;]<\/p>\n","protected":false},"author":1,"featured_media":0,"parent":0,"menu_order":0,"comment_status":"closed","ping_status":"closed","template":"brizy-blank-template.php","meta":{"footnotes":""},"class_list":["post-1607","page","type-page","status-publish","hentry"],"brizy_media":[],"_links":{"self":[{"href":"https:\/\/ceccartulcea.ro\/ro\/wp-json\/wp\/v2\/pages\/1607","targetHints":{"allow":["GET"]}}],"collection":[{"href":"https:\/\/ceccartulcea.ro\/ro\/wp-json\/wp\/v2\/pages"}],"about":[{"href":"https:\/\/ceccartulcea.ro\/ro\/wp-json\/wp\/v2\/types\/page"}],"author":[{"embeddable":true,"href":"https:\/\/ceccartulcea.ro\/ro\/wp-json\/wp\/v2\/users\/1"}],"replies":[{"embeddable":true,"href":"https:\/\/ceccartulcea.ro\/ro\/wp-json\/wp\/v2\/comments?post=1607"}],"version-history":[{"count":13,"href":"https:\/\/ceccartulcea.ro\/ro\/wp-json\/wp\/v2\/pages\/1607\/revisions"}],"predecessor-version":[{"id":4675,"href":"https:\/\/ceccartulcea.ro\/ro\/wp-json\/wp\/v2\/pages\/1607\/revisions\/4675"}],"wp:attachment":[{"href":"https:\/\/ceccartulcea.ro\/ro\/wp-json\/wp\/v2\/media?parent=1607"}],"curies":[{"name":"wp","href":"https:\/\/api.w.org\/{rel}","templated":true}]}}