{"id":1684,"date":"2019-10-25T19:00:13","date_gmt":"2019-10-25T17:00:13","guid":{"rendered":"https:\/\/ceccararad.ro\/ro\/\/?page_id=1684"},"modified":"2025-01-17T14:01:21","modified_gmt":"2025-01-17T12:01:21","slug":"formulare","status":"publish","type":"page","link":"https:\/\/ceccartulcea.ro\/ro\/membri\/autorizarea-si-activitatea-societatilor-de-expertiza-contabila-si-contabilitate\/formulare\/","title":{"rendered":"Formulare"},"content":{"rendered":"<section   class=\"fw-main-row  auto  fw-section-position-back\"    >\n\t\t\t<div class=\"fw-container\" >\n\t\t<div class=\"fw-row\">\n\t<div id=\"column-69e349b5c0fae\" class=\"fw-col-sm-12 tf-sh-4bf7de7076824fb4c351a6d1039d0743\" >\n\t<div class=\"fw-wrap-col-inner clearfix  \"   >\n\t\t\t\t<div class=\"fw-col-inner\">\n\t\t\t<div class=\"fw-text-box tf-sh-b4a496c23a94b122350f1c9e2210e50c \" >\n\t<div class=\"fw-text-inner\">\n\t\t<p><strong><span style=\"font-size: 12pt;\">Formulare<\/span><\/strong><\/p>\n\t<\/div>\n<\/div><div class=\"fw-divider-space space-sm  clearfix\"  ><\/div><div class=\"tf-sh-435841a89aa1e8b5e1a52a967d0eb145 fw-tabs fw-tabs-minimal fw-tabs-top \" >\n\t<ul class=\"nav nav-tabs nav-justified\">\n\t\t\t\t\t<li class=\"active\">\n\t\t\t\t<a href=\"#tab-cont-435841a89aa1e8b5e1a52a967d0eb145-1\" data-toggle=\"tab\">\n\t\t\t\t\t\n\t\t\t\t\t\t\t\t\t\t<span>Formulare<\/span>\n\t\t\t\t<\/a>\n\t\t\t<\/li>\n\t\t\t\t\t\t<\/ul>\n\n\t<div class=\"tab-content clearfix\">\n\t\t\t\t\t<div id=\"tab-cont-435841a89aa1e8b5e1a52a967d0eb145-1\"\n\t\t\t     class=\"tab-pane fade in active\">\n\t\t\t\t\n\t\t\t\t\t\t\t\t\t<header><div role=\"navigation\"><nav id=\"fw-menu-primary\"><header><ul><li><a href=\"https:\/\/ceccartulcea.ro\/ro\/wp-content\/uploads\/2025\/01\/Anexa1.a-constituire-societate-2025-1.pdf\"><strong>Cererea pentru emiterea avizului de principiu \u00een vederea constituirii unei societ\u0103\u021bi<\/strong><\/a><\/li><li><a href=\"https:\/\/ceccartulcea.ro\/ro\/wp-content\/uploads\/2025\/01\/Anexa1.b-modificare-Act-constitutiv-2025.pdf\"><strong>Cererea pentru emiterea avizului de principiu \u00een vederea modific\u0103rii actului constitutiv al unei societ\u0103\u021bi<\/strong><\/a><\/li><li><strong><a href=\"https:\/\/ceccartulcea.ro\/ro\/wp-content\/uploads\/2019\/11\/Formularepj.pdf\"><em>Formulare standard de inscriere<\/em><\/a><\/strong><\/li><li><a href=\"https:\/\/ceccartulcea.ro\/ro\/wp-content\/uploads\/2019\/03\/contract-cadru-de-prestari-servicii-financiar-contabile-1.doc\" target=\"_blank\" rel=\"noopener\">Contract cadru de prestari servicii financiare<\/a><\/li><\/ul><\/header><\/nav><\/div><\/header>\t\t\t\t\t\t\t<\/div>\n\t\t\t\t<\/div>\n<\/div><div class=\"fw-divider-space space-sm  clearfix\"  ><\/div>\t\t<\/div>\n\t<\/div>\n<\/div><\/div>\n\n\t<\/div>\n\t<\/section>\n","protected":false},"excerpt":{"rendered":"<p>Formulare Formulare Cererea pentru emiterea avizului de principiu \u00een vederea constituirii unei societ\u0103\u021biCererea pentru emiterea avizului de principiu \u00een vederea modific\u0103rii actului constitutiv al unei societ\u0103\u021biFormulare standard de inscriereContract cadru de prestari servicii financiare<\/p>\n","protected":false},"author":1,"featured_media":0,"parent":332,"menu_order":0,"comment_status":"closed","ping_status":"closed","template":"visual-builder-template.php","meta":{"footnotes":""},"class_list":["post-1684","page","type-page","status-publish","hentry"],"brizy_media":[],"_links":{"self":[{"href":"https:\/\/ceccartulcea.ro\/ro\/wp-json\/wp\/v2\/pages\/1684","targetHints":{"allow":["GET"]}}],"collection":[{"href":"https:\/\/ceccartulcea.ro\/ro\/wp-json\/wp\/v2\/pages"}],"about":[{"href":"https:\/\/ceccartulcea.ro\/ro\/wp-json\/wp\/v2\/types\/page"}],"author":[{"embeddable":true,"href":"https:\/\/ceccartulcea.ro\/ro\/wp-json\/wp\/v2\/users\/1"}],"replies":[{"embeddable":true,"href":"https:\/\/ceccartulcea.ro\/ro\/wp-json\/wp\/v2\/comments?post=1684"}],"version-history":[{"count":5,"href":"https:\/\/ceccartulcea.ro\/ro\/wp-json\/wp\/v2\/pages\/1684\/revisions"}],"predecessor-version":[{"id":10136,"href":"https:\/\/ceccartulcea.ro\/ro\/wp-json\/wp\/v2\/pages\/1684\/revisions\/10136"}],"up":[{"embeddable":true,"href":"https:\/\/ceccartulcea.ro\/ro\/wp-json\/wp\/v2\/pages\/332"}],"wp:attachment":[{"href":"https:\/\/ceccartulcea.ro\/ro\/wp-json\/wp\/v2\/media?parent=1684"}],"curies":[{"name":"wp","href":"https:\/\/api.w.org\/{rel}","templated":true}]}}