{"id":296,"date":"2020-03-04T09:31:35","date_gmt":"2020-03-04T07:31:35","guid":{"rendered":"https:\/\/ceccararad.ro\/ro\/?page_id=296"},"modified":"2025-07-30T09:31:51","modified_gmt":"2025-07-30T07:31:51","slug":"efectuarea-stagiului","status":"publish","type":"page","link":"https:\/\/ceccartulcea.ro\/ro\/membri\/cum-devin-membru-ceccar\/efectuarea-stagiului\/","title":{"rendered":"Efectuarea stagiului"},"content":{"rendered":"<section   class=\"fw-main-row  auto  fw-section-position-back\"    >\n\t\t\t<div class=\"fw-container\" >\n\t\t<div class=\"fw-row\">\n\t<div id=\"column-69e49fd06e1b6\" class=\"fw-col-sm-12 tf-sh-4bf7de7076824fb4c351a6d1039d0743\" >\n\t<div class=\"fw-wrap-col-inner clearfix  \"   >\n\t\t\t\t<div class=\"fw-col-inner\">\n\t\t\t<div class=\"fw-text-box tf-sh-b4a496c23a94b122350f1c9e2210e50c \" >\n\t<div class=\"fw-text-inner\">\n\t\t<p><strong><span style=\"font-size: 12pt;\">Efectuarea stagiului<br \/><\/span><\/strong><\/p>\n\t<\/div>\n<\/div><div class=\"fw-divider-space space-sm  clearfix\"  ><\/div><div class=\"tf-sh-435841a89aa1e8b5e1a52a967d0eb145 fw-tabs fw-tabs-minimal fw-tabs-top \" >\n\t<ul class=\"nav nav-tabs nav-justified\">\n\t\t\t\t\t<li class=\"active\">\n\t\t\t\t<a href=\"#tab-cont-435841a89aa1e8b5e1a52a967d0eb145-1\" data-toggle=\"tab\">\n\t\t\t\t\t\n\t\t\t\t\t\t\t\t\t\t<span>Reglement\u0103ri privind efectuarea stagiului \u015fi examenul de aptitudini \u00een vederea accesului la calitatea de expert contabil \u015fi de contabil autorizat<\/span>\n\t\t\t\t<\/a>\n\t\t\t<\/li>\n\t\t\t\t\t\t\t\t<li >\n\t\t\t\t<a href=\"#tab-cont-435841a89aa1e8b5e1a52a967d0eb145-2\" data-toggle=\"tab\">\n\t\t\t\t\t\n\t\t\t\t\t\t\t\t\t\t<span>Calendarul activit\u0103\u0163ilor de stagiu<\/span>\n\t\t\t\t<\/a>\n\t\t\t<\/li>\n\t\t\t\t\t\t\t\t<li >\n\t\t\t\t<a href=\"#tab-cont-435841a89aa1e8b5e1a52a967d0eb145-3\" data-toggle=\"tab\">\n\t\t\t\t\t\n\t\t\t\t\t\t\t\t\t\t<span>Preciz\u0103ri privind efectuarea stagiului<\/span>\n\t\t\t\t<\/a>\n\t\t\t<\/li>\n\t\t\t\t\t\t<\/ul>\n\n\t<div class=\"tab-content clearfix\">\n\t\t\t\t\t<div id=\"tab-cont-435841a89aa1e8b5e1a52a967d0eb145-1\"\n\t\t\t     class=\"tab-pane fade in active\">\n\t\t\t\t\n\t\t\t\t\t\t\t\t\t<ul style=\"list-style-type: disc;\"><li><a href=\"https:\/\/ceccar.ro\/ro\/wp-content\/uploads\/2024\/02\/Procedura-privind-sustinerea-evaluarilor-si-reevaluarilor-din-timpul-stagiului.pdf\">PROCEDURA PRIVIND SUS\u021aINEREA EVALU\u0102RILOR SEMESTRIALE \u0218I REEVALU\u0102RILOR \u00ceN TIMPUL ANILOR DE STAGIU<\/a><\/li><li><a href=\"https:\/\/ceccartulcea.ro\/ro\/wp-content\/uploads\/2025\/01\/Regulament-examen-aptitudini_avizat-MF.pdf\">Regulamentului privind organizarea \u0219i desf\u0103\u0219urarea examenului de aptitudini pentru accesul la profesia de expert contabil \u015fi de contabil autorizat<\/a><\/li><\/ul><p>&nbsp;<\/p>\t\t\t\t\t\t\t<\/div>\n\t\t\t\t\t\t<div id=\"tab-cont-435841a89aa1e8b5e1a52a967d0eb145-2\"\n\t\t\t     class=\"tab-pane fade \">\n\t\t\t\t\n\t\t\t\t\t\t\t\t\t<p><a href=\"https:\/\/ceccartulcea.ro\/ro\/wp-content\/uploads\/2025\/07\/Calendar-pregatire-stagiu-examene-2025_actualizat-30.07.2025.pdf\">Calendarul activit\u0103\u0163ilor de stagiu pe ani de stagiu 2025<\/a><\/p>\t\t\t\t\t\t\t<\/div>\n\t\t\t\t\t\t<div id=\"tab-cont-435841a89aa1e8b5e1a52a967d0eb145-3\"\n\t\t\t     class=\"tab-pane fade \">\n\t\t\t\t\n\t\t\t\t\t\t\t\t\t<p><a href=\"https:\/\/ceccartulcea.ro\/ro\/wp-content\/uploads\/2025\/01\/Procedura-privind-sustinerea-evaluarilor-si-reevaluarilor-din-timpul-stagiului.pdf\">PROCEDURA PRIVIND SUS\u021aINEREA EVALU\u0102RILOR SEMESTRIALE \u0218I REEVALU\u0102RILOR \u00ceN TIMPUL ANILOR DE STAGIU<\/a><\/p>\t\t\t\t\t\t\t<\/div>\n\t\t\t\t<\/div>\n<\/div><div class=\"fw-divider-space space-sm  clearfix\"  ><\/div>\t\t<\/div>\n\t<\/div>\n<\/div><\/div>\n\n\t<\/div>\n\t<\/section>\n","protected":false},"excerpt":{"rendered":"<p>Efectuarea stagiului Reglement\u0103ri privind efectuarea stagiului \u015fi examenul de aptitudini \u00een vederea accesului la calitatea de expert contabil \u015fi de contabil autorizat Calendarul activit\u0103\u0163ilor de stagiu Preciz\u0103ri privind efectuarea stagiului PROCEDURA PRIVIND SUS\u021aINEREA EVALU\u0102RILOR SEMESTRIALE [&hellip;]<\/p>\n","protected":false},"author":1,"featured_media":0,"parent":288,"menu_order":0,"comment_status":"closed","ping_status":"closed","template":"visual-builder-template.php","meta":{"footnotes":""},"class_list":["post-296","page","type-page","status-publish","hentry"],"brizy_media":[],"_links":{"self":[{"href":"https:\/\/ceccartulcea.ro\/ro\/wp-json\/wp\/v2\/pages\/296","targetHints":{"allow":["GET"]}}],"collection":[{"href":"https:\/\/ceccartulcea.ro\/ro\/wp-json\/wp\/v2\/pages"}],"about":[{"href":"https:\/\/ceccartulcea.ro\/ro\/wp-json\/wp\/v2\/types\/page"}],"author":[{"embeddable":true,"href":"https:\/\/ceccartulcea.ro\/ro\/wp-json\/wp\/v2\/users\/1"}],"replies":[{"embeddable":true,"href":"https:\/\/ceccartulcea.ro\/ro\/wp-json\/wp\/v2\/comments?post=296"}],"version-history":[{"count":24,"href":"https:\/\/ceccartulcea.ro\/ro\/wp-json\/wp\/v2\/pages\/296\/revisions"}],"predecessor-version":[{"id":10790,"href":"https:\/\/ceccartulcea.ro\/ro\/wp-json\/wp\/v2\/pages\/296\/revisions\/10790"}],"up":[{"embeddable":true,"href":"https:\/\/ceccartulcea.ro\/ro\/wp-json\/wp\/v2\/pages\/288"}],"wp:attachment":[{"href":"https:\/\/ceccartulcea.ro\/ro\/wp-json\/wp\/v2\/media?parent=296"}],"curies":[{"name":"wp","href":"https:\/\/api.w.org\/{rel}","templated":true}]}}