{"id":298,"date":"2020-03-04T09:31:48","date_gmt":"2020-03-04T07:31:48","guid":{"rendered":"https:\/\/ceccararad.ro\/ro\/?page_id=298"},"modified":"2026-02-03T10:58:27","modified_gmt":"2026-02-03T08:58:27","slug":"examenul-de-aptitudini","status":"publish","type":"page","link":"https:\/\/ceccartulcea.ro\/ro\/membri\/cum-devin-membru-ceccar\/examenul-de-aptitudini\/","title":{"rendered":"Examenul de aptitudini"},"content":{"rendered":"<section   class=\"fw-main-row  auto  fw-section-position-back\"    >\n\t\t\t<div class=\"fw-container\" >\n\t\t<div class=\"fw-row\">\n\t<div id=\"column-69dfba8741b6f\" class=\"fw-col-sm-12 tf-sh-4bf7de7076824fb4c351a6d1039d0743\" >\n\t<div class=\"fw-wrap-col-inner clearfix  \"   >\n\t\t\t\t<div class=\"fw-col-inner\">\n\t\t\t<div class=\"fw-text-box tf-sh-b4a496c23a94b122350f1c9e2210e50c \" >\n\t<div class=\"fw-text-inner\">\n\t\t<p><strong><span style=\"font-size: 12pt;\">Examenul de aptitudini<br \/><\/span><\/strong><\/p>\n\t<\/div>\n<\/div><div class=\"fw-divider-space space-sm  clearfix\"  ><\/div><div class=\"tf-sh-435841a89aa1e8b5e1a52a967d0eb145 fw-tabs fw-tabs-minimal fw-tabs-top \" >\n\t<ul class=\"nav nav-tabs nav-justified\">\n\t\t\t\t\t<li class=\"active\">\n\t\t\t\t<a href=\"#tab-cont-435841a89aa1e8b5e1a52a967d0eb145-1\" data-toggle=\"tab\">\n\t\t\t\t\t\n\t\t\t\t\t\t\t\t\t\t<span>Programa aferent\u0103 examenului de aptitudini<\/span>\n\t\t\t\t<\/a>\n\t\t\t<\/li>\n\t\t\t\t\t\t\t\t<li >\n\t\t\t\t<a href=\"#tab-cont-435841a89aa1e8b5e1a52a967d0eb145-2\" data-toggle=\"tab\">\n\t\t\t\t\t\n\t\t\t\t\t\t\t\t\t\t<span>Dosarul de \u00eenscriere la examenul de aptitudini<\/span>\n\t\t\t\t<\/a>\n\t\t\t<\/li>\n\t\t\t\t\t\t\t\t<li >\n\t\t\t\t<a href=\"#tab-cont-435841a89aa1e8b5e1a52a967d0eb145-3\" data-toggle=\"tab\">\n\t\t\t\t\t\n\t\t\t\t\t\t\t\t\t\t<span>Sesiuni de examen de aptitudini<\/span>\n\t\t\t\t<\/a>\n\t\t\t<\/li>\n\t\t\t\t\t\t<\/ul>\n\n\t<div class=\"tab-content clearfix\">\n\t\t\t\t\t<div id=\"tab-cont-435841a89aa1e8b5e1a52a967d0eb145-1\"\n\t\t\t     class=\"tab-pane fade in active\">\n\t\t\t\t\n\t\t\t\t\t\t\t\t\t<ul><li style=\"text-align: justify;\"><a href=\"https:\/\/ceccar.ro\/ro\/wp-content\/uploads\/2026\/01\/EC-Programa-examen-aptitudini-martie-2026.pdf\">Programa aferent\u0103 examenului de aptitudini\u00a0\u00een vederea ob\u0163inerii calit\u0103\u0163ii de expert contabil<\/a><\/li><li style=\"text-align: justify;\"><a href=\"https:\/\/ceccar.ro\/ro\/wp-content\/uploads\/2026\/01\/CA-Programa-examen-aptitudini-martie-2026.pdf\">Programa aferent\u0103 examenului de aptitudini\u00a0\u00een vederea ob\u0163inerii calit\u0103\u0163ii de contabil autorizat<\/a><\/li><li><a href=\"https:\/\/ceccartulcea.ro\/ro\/wp-content\/uploads\/2025\/01\/Regulament-examen-aptitudini_avizat-MF.pdf\">Regulamentului privind organizarea \u0219i desf\u0103\u0219urarea examenului de aptitudini pentru accesul la profesia de expert contabil \u015fi de contabil autorizat<\/a><\/li><\/ul>\t\t\t\t\t\t\t<\/div>\n\t\t\t\t\t\t<div id=\"tab-cont-435841a89aa1e8b5e1a52a967d0eb145-2\"\n\t\t\t     class=\"tab-pane fade \">\n\t\t\t\t\n\t\t\t\t\t\t\t\t\t<p>\u00censcrierea la examenul de aptitudini se face la filiala CECCAR \u00een cadrul c\u0103reia s-a efectuat stagiul sau la filiala de domiciliu, respectiv filiala \u00een care este luat \u00een eviden\u021b\u0103.<\/p><p>Pentru \u00eenscrierea la examenul de aptitudini, candidatul depune la sediul filialei CECCAR la care se \u00eenscrie un dosar care va cuprinde:<br \/>a)\u00a0<a title=\"\" href=\"https:\/\/ceccar.ro\/ro\/wp-content\/uploads\/2026\/01\/Cerere-inscriere-examen-aptitudini.pdf\" target=\"_blank\" rel=\"noopener\">cerere de \u00eenscriere la examenul de aptitudini<\/a>, semnat\u0103 olograf, \u00een original;<br \/>b) copie certificat\u0103 pentru conformitate cu originalul a diplomei care atest\u0103 finalizarea studiilor superioare \u00een cadrul unui program de studii universitare \u00een conformitate cu prevederile Legii educa\u021biei na\u021bionale nr. 1\/2011, cu modific\u0103rile \u0219i complet\u0103rile ulterioare, sau echivalent, \u00een \u0219tiin\u021be economice, pentru candida\u021bii \u00eenscri\u0219i la examenul de expert contabil, respectiv a diplomei de bacalaureat sau echivalent pentru candida\u021bii \u00eenscri\u0219i la examenul de contabil autorizat, recunoscute de ministerul de resort;<br \/>c) copie certificat\u0103 pentru conformitate cu originalul a actului de identitate;<br \/>d) copia certificatului de c\u0103s\u0103torie, \u00een cazul \u00een care numele \u00eenscris pe actele de studii nu coincide cu numele din actul de identitate, certificat\u0103 pentru conformitate cu originalul.<br \/>e) certificat de cazier judiciar valabil, \u00een original;<br \/>f) adeverin\u021b\u0103 medical\u0103 care s\u0103 ateste capacitatea de exerci\u021biu deplin\u0103, \u00een original;<br \/>g) dovada achit\u0103rii taxei de \u00eenscriere;<br \/>h) certificat de stagiu emis de filiala CECCAR \u00een cadrul c\u0103reia s-a efectuat stagiul, \u00een original;<br \/>i)\u00a0<a title=\"\" href=\"https:\/\/ceccar.ro\/ro\/wp-content\/uploads\/2026\/01\/Cerere-inscriere-ca-membru-CECCAR-cf.-pct-j-din-Regulament.pdf\" target=\"_blank\" rel=\"noopener\">cererea de \u00eenscriere ca membru CECCAR condi\u021bionat\u0103 de promovarea examenului de aptitudini<\/a>\u00a0(prev\u0103zut\u0103 de art. 15, alin. (2), lit.j. din Regulamentul de aptitudini), conform anexei;<br \/>j)\u00a0<a title=\"\" href=\"https:\/\/ceccar.ro\/ro\/wp-content\/uploads\/2026\/01\/Acord-GDPR-pentru-examen-aptitudini-2026.pdf\" target=\"_blank\" rel=\"noopener\">acordul GDPR<\/a>, conform anexei;<\/p><p>Certificarea copiei pentru conformitate cu originalul pentru documentele prev\u0103zute la lit. b) \u2013 d) se realizeaz\u0103 de c\u0103tre personalul CECCAR. Candidatul va prezenta la depunerea dosarului aceste documente \u00een original sau copie legalizat\u0103, iar dup\u0103 certificarea copiei pentru conformitate cu originalul, originalul sau copia legalizat\u0103 se returneaz\u0103 titularului.<\/p><p>Pentru a sprijini preg\u0103tirea candida\u021bilor \u00eenscri\u0219i la sesiunea ordinar\u0103 a examenului de aptitudini, CECCAR va organiza\u00a0<strong>cursuri de preg\u0103tire \u00eencep\u00e2nd cu data de 24 februarie 2026<\/strong>.<\/p><p>Participarea la cursurile de preg\u0103tire este\u00a0<strong>gratuit\u0103 pentru candida\u021bii care depun dosarul de \u00eenscriere p\u00e2n\u0103 la 20 februarie 2026<\/strong>.<\/p>\t\t\t\t\t\t\t<\/div>\n\t\t\t\t\t\t<div id=\"tab-cont-435841a89aa1e8b5e1a52a967d0eb145-3\"\n\t\t\t     class=\"tab-pane fade \">\n\t\t\t\t\n\t\t\t\t\t\t\t\t\t<h1><span style=\"font-size: 14pt;\">Sesiunea ordinar\u0103 a Examenului de aptitudini se desf\u0103\u0219oar\u0103 \u00een zilele de:\u00a0<strong>20<\/strong>,\u00a0<strong>21<\/strong>\u00a0&amp;\u00a0<strong>28 martie<\/strong>\u00a0<strong>2026<\/strong>.<\/span><\/h1>\t\t\t\t\t\t\t<\/div>\n\t\t\t\t<\/div>\n<\/div><div class=\"fw-divider-space space-sm  clearfix\"  ><\/div>\t\t<\/div>\n\t<\/div>\n<\/div><\/div>\n\n\t<\/div>\n\t<\/section>\n","protected":false},"excerpt":{"rendered":"<p>Examenul de aptitudini Programa aferent\u0103 examenului de aptitudini Dosarul de \u00eenscriere la examenul de aptitudini Sesiuni de examen de aptitudini Programa aferent\u0103 examenului de aptitudini\u00a0\u00een vederea ob\u0163inerii calit\u0103\u0163ii de expert contabilPrograma aferent\u0103 examenului de aptitudini\u00a0\u00een [&hellip;]<\/p>\n","protected":false},"author":1,"featured_media":0,"parent":288,"menu_order":0,"comment_status":"closed","ping_status":"closed","template":"visual-builder-template.php","meta":{"footnotes":""},"class_list":["post-298","page","type-page","status-publish","hentry"],"brizy_media":[],"_links":{"self":[{"href":"https:\/\/ceccartulcea.ro\/ro\/wp-json\/wp\/v2\/pages\/298","targetHints":{"allow":["GET"]}}],"collection":[{"href":"https:\/\/ceccartulcea.ro\/ro\/wp-json\/wp\/v2\/pages"}],"about":[{"href":"https:\/\/ceccartulcea.ro\/ro\/wp-json\/wp\/v2\/types\/page"}],"author":[{"embeddable":true,"href":"https:\/\/ceccartulcea.ro\/ro\/wp-json\/wp\/v2\/users\/1"}],"replies":[{"embeddable":true,"href":"https:\/\/ceccartulcea.ro\/ro\/wp-json\/wp\/v2\/comments?post=298"}],"version-history":[{"count":42,"href":"https:\/\/ceccartulcea.ro\/ro\/wp-json\/wp\/v2\/pages\/298\/revisions"}],"predecessor-version":[{"id":11296,"href":"https:\/\/ceccartulcea.ro\/ro\/wp-json\/wp\/v2\/pages\/298\/revisions\/11296"}],"up":[{"embeddable":true,"href":"https:\/\/ceccartulcea.ro\/ro\/wp-json\/wp\/v2\/pages\/288"}],"wp:attachment":[{"href":"https:\/\/ceccartulcea.ro\/ro\/wp-json\/wp\/v2\/media?parent=298"}],"curies":[{"name":"wp","href":"https:\/\/api.w.org\/{rel}","templated":true}]}}