{"id":314,"date":"2020-03-03T09:37:18","date_gmt":"2020-03-03T07:37:18","guid":{"rendered":"https:\/\/ceccararad.ro\/ro\/?page_id=314"},"modified":"2020-10-27T17:12:03","modified_gmt":"2020-10-27T15:12:03","slug":"dezvoltare-profesionala","status":"publish","type":"page","link":"https:\/\/ceccartulcea.ro\/ro\/membri\/sunt-membru-ceccar\/dezvoltare-profesionala\/","title":{"rendered":"Dezvoltare profesional\u0103"},"content":{"rendered":"<section   class=\"fw-main-row  auto  fw-section-position-back\"    >\n\t\t\t<div class=\"fw-container\" >\n\t\t<div class=\"fw-row\">\n\t<div id=\"column-69dfc08409b67\" class=\"fw-col-sm-12 tf-sh-4bf7de7076824fb4c351a6d1039d0743\" >\n\t<div class=\"fw-wrap-col-inner clearfix  \"   >\n\t\t\t\t<div class=\"fw-col-inner\">\n\t\t\t<div class=\"fw-text-box tf-sh-b4a496c23a94b122350f1c9e2210e50c \" >\n\t<div class=\"fw-text-inner\">\n\t\t<p><strong><span style=\"font-size: 12pt;\">Dezvoltare profesionala<br \/><\/span><\/strong><\/p>\n\t<\/div>\n<\/div><div class=\"fw-divider-space space-sm  clearfix\"  ><\/div><div class=\"tf-sh-435841a89aa1e8b5e1a52a967d0eb145 fw-tabs fw-tabs-minimal fw-tabs-top \" >\n\t<ul class=\"nav nav-tabs nav-justified\">\n\t\t\t\t\t<li class=\"active\">\n\t\t\t\t<a href=\"#tab-cont-435841a89aa1e8b5e1a52a967d0eb145-1\" data-toggle=\"tab\">\n\t\t\t\t\t\n\t\t\t\t\t\t\t\t\t\t<span>Informa\u0163ii utile<\/span>\n\t\t\t\t<\/a>\n\t\t\t<\/li>\n\t\t\t\t\t\t\t\t<li >\n\t\t\t\t<a href=\"#tab-cont-435841a89aa1e8b5e1a52a967d0eb145-2\" data-toggle=\"tab\">\n\t\t\t\t\t\n\t\t\t\t\t\t\t\t\t\t<span>Programul Na\u0163ional de Dezvoltare Profesional\u0103 Continu\u0103<\/span>\n\t\t\t\t<\/a>\n\t\t\t<\/li>\n\t\t\t\t\t\t\t\t<li >\n\t\t\t\t<a href=\"#tab-cont-435841a89aa1e8b5e1a52a967d0eb145-3\" data-toggle=\"tab\">\n\t\t\t\t\t\n\t\t\t\t\t\t\t\t\t\t<span>Calendar cursuri, seminarii, \u00eentruniri profesionale<\/span>\n\t\t\t\t<\/a>\n\t\t\t<\/li>\n\t\t\t\t\t\t\t\t<li >\n\t\t\t\t<a href=\"#tab-cont-435841a89aa1e8b5e1a52a967d0eb145-4\" data-toggle=\"tab\">\n\t\t\t\t\t\n\t\t\t\t\t\t\t\t\t\t<span>Echivalare ore preg\u0103tire profesional\u0103<\/span>\n\t\t\t\t<\/a>\n\t\t\t<\/li>\n\t\t\t\t\t\t\t\t<li >\n\t\t\t\t<a href=\"#tab-cont-435841a89aa1e8b5e1a52a967d0eb145-5\" data-toggle=\"tab\">\n\t\t\t\t\t\n\t\t\t\t\t\t\t\t\t\t<span>Preg\u0103tire profesional\u0103 membri inactivi<\/span>\n\t\t\t\t<\/a>\n\t\t\t<\/li>\n\t\t\t\t\t\t<\/ul>\n\n\t<div class=\"tab-content clearfix\">\n\t\t\t\t\t<div id=\"tab-cont-435841a89aa1e8b5e1a52a967d0eb145-1\"\n\t\t\t     class=\"tab-pane fade in active\">\n\t\t\t\t\n\t\t\t\t\t\t\t\t\t<p style=\"text-align: justify;\">Potrivit Metodologiei de acordare a vizei anuale pentru exercitarea profesiei, forma actualizat\u0103 cu modific\u0103rile aprobate de plenul Conferin\u0163ei Na\u0163ionale din 30 martie 2019, art.3 lit g) <em>\u201dViza anual\u0103 pentru exercitarea profesiei de c\u0103tre exper\u021bii contabili \u015fi contabilii autoriza\u0163i se acord\u0103 dac\u0103 au fost \u00eendeplinite cumulativ urm\u0103toarele condi\u021bii: (\u2026) g) parcurgerea programului de formare profesional\u0103 continu\u0103 organizat de CECCAR, conform PNDPC.\u201d<\/em><\/p><p style=\"text-align: justify;\">Potrivit art. 1 pct. A.1 din Sistemul de cotiza\u0163ii \u00een cadrul CECCAR forma actualizat\u0103 cu modific\u0103rile aprobate de plenul Conferin\u0163ei Na\u0163ionale din 30 martie 2019, <em>\u201c\u00een baza cotiza\u0163iei anuale achitate, membrii beneficiaz\u0103 gratuit <strong>doar pentru anul aferent cotiza\u021biei<\/strong>, de cursurile de formare profesional\u0103 continu\u0103\u201d.<\/em><\/p><p style=\"text-align: justify;\">Astfel, membrii care nu particip\u0103 la cursurile de formare profesional\u0103 continu\u0103 conform PNDPC, aferente anului \u00een curs, nu mai beneficiaz\u0103 de gratuitate.<\/p>\t\t\t\t\t\t\t<\/div>\n\t\t\t\t\t\t<div id=\"tab-cont-435841a89aa1e8b5e1a52a967d0eb145-2\"\n\t\t\t     class=\"tab-pane fade \">\n\t\t\t\t\n\t\t\t\t\t\t\t\t\t<table style=\"width: 100%;\" border=\"0\"><tbody><tr><td align=\"left\" valign=\"top\"><p style=\"text-align: justify;\"><strong>Programul Na\u0163ional de Dezvoltare Profesional\u0103 Continu\u0103, edi\u0163ia a IV-a, revizuit\u0103<\/strong><\/p><p style=\"text-align: justify;\">CECCAR organizeaz\u0103 diferite forme de educa\u0163ie pentru profesioni\u015ftii contabili prin intermediul <a href=\"http:\/\/ceccar.ro\/ro\/wp-content\/uploads\/2015\/11\/PNDPC-ed-IV-2015.pdf\" target=\"_blank\" rel=\"noopener\">Programului Na\u0163ional de Dezvoltare Profesionala Continu\u0103<\/a> la nivelul celor 42 de filiale teritoriale ale Corpului.<\/p><p style=\"text-align: justify;\">Conform Standardului profesional nr. 38 emis de CECCAR, \u00een vederea men\u0163inerii unui grad ridicat de preg\u0103tire \u015fi competen\u0163\u0103 \u00een activitate, to\u0163i profesioni\u015ftii contabili sunt obliga\u0163i s\u0103 efectueze orele de preg\u0103tire profesional\u0103 necesare ob\u0163inerii\u00a0 vizei anuale la disciplinele prev\u0103zute \u00een cadrul Programului Na\u0163ional de Dezvoltare Profesional\u0103 Continu\u0103.<\/p><p style=\"text-align: justify;\">Profesioni\u015ftii contabili membrii CECCAR sunt obliga\u0163i, la acordarea vizei anuale, s\u0103 completeze o declara\u0163ie pe propria r\u0103spundere \u00een ce prive\u015fte respectarea normelor de deontologie profesional\u0103 \u015fi frecventarea cursurilor de preg\u0103tire profesional\u0103 organizate de filial\u0103 sau institu\u0163iile, respectiv organismele profesionale recunoscute de CECCAR.<\/p><p style=\"text-align: justify;\">Informa\u0163iile despre organizarea cursurilor de preg\u0103tire profesional\u0103 \u015fi despre Calendarul cursurilor le pute\u0163i g\u0103si prin contactarea <a href=\"http:\/\/ceccar.ro\/ro\/?page_id=455\" target=\"_blank\" rel=\"noopener\">filialelor CECCAR<\/a>.<\/p><\/td><td align=\"left\" valign=\"top\"><a href=\"http:\/\/ceccar.ro\/ro\/wp-content\/uploads\/2011\/09\/Coperta-PNDPC-2015.bmp\"><img loading=\"lazy\" decoding=\"async\" class=\"aligncenter size-full wp-image-5256\" title=\"Coperta PNDPC 2015\" src=\"http:\/\/ceccar.ro\/ro\/wp-content\/uploads\/2011\/09\/Coperta-PNDPC-2015.bmp\" alt=\"\" width=\"310\" height=\"448\" \/><\/a><\/td><\/tr><\/tbody><\/table>\t\t\t\t\t\t\t<\/div>\n\t\t\t\t\t\t<div id=\"tab-cont-435841a89aa1e8b5e1a52a967d0eb145-3\"\n\t\t\t     class=\"tab-pane fade \">\n\t\t\t\t\n\t\t\t\t\t\t\t\t\t<header class=\"entry-header\">V\u0103 aducem la cuno\u015ftin\u0163\u0103 faptul c\u0103, CECCAR organizeaz\u0103 online urm\u0103toarele cursuri de preg\u0103tire profesional\u0103:<\/p><ol><li><strong><u>02.11.2020<\/u><\/strong> \u00eencep\u00e2nd cu ora 16:00 cursul de ficalitate av\u00e2nd ca tem\u0103 <strong>\u201eReglementari recente de natura fiscala adoptate pentru sprijinirea mediului de afaceri ca r\u0103spuns la situa\u021bia actuala\u201d <\/strong><u>10 ore CPD<\/u><\/li><\/ol><p>Pentru a participa la curs v\u0103 rug\u0103m s\u0103 completa\u0163i <a href=\"https:\/\/docs.google.com\/forms\/d\/e\/1FAIpQLScukdj3zMp75goHXjmQsqYG7l_CqqMD6_uUy5hD0Sf_71EA7w\/viewform?vc=0&amp;c=0&amp;w=1&amp;flr=0\">formularul de \u00eenscriere (click<\/a>)<\/p><ol start=\"2\"><li><strong><u>03.11.2020<\/u><\/strong> \u00eencep\u00e2nd cu ora 16:00 cursul de expertiz\u0103 av\u00e2nd ca tem\u0103 <strong>\u201cAdministrarea probei in expertiza contabila judiciara \u2013 reper in solu\u021bionarea litigiilor\u201d <\/strong>\u2013 <u>10 ore CPD*<\/u><\/li><\/ol><p><strong>\u00a0\u00a0\u00a0\u00a0\u00a0\u00a0\u00a0\u00a0\u00a0\u00a0 <\/strong>Pentru a participa la curs v\u0103 rug\u0103m s\u0103 completa\u0163i <a href=\"https:\/\/docs.google.com\/forms\/d\/e\/1FAIpQLSepqINNVKiP3ps0DmSUrc5vIumiHkLqBib0PE9q-_RaDihnoA\/viewform?vc=0&amp;c=0&amp;w=1&amp;flr=0\">formularul de \u00eenscriere (click)<\/a><\/p><ol start=\"3\"><li><strong><u>04.11.2020<\/u><\/strong> \u00eencep\u00e2nd cu ora 16:00 cursul de fiscalitate av\u00e2nd ca tem\u0103 <strong>\u201cNout\u0103\u021bi fiscale \u00een materie de TVA. Tratamente fiscale intracomunitare. Jurispruden\u021b\u0103 CJUE\u201d <\/strong>\u2013 <u>10 ore CPD*<\/u><\/li><\/ol><p><strong>\u00a0<\/strong><\/p><p><strong>\u00a0<\/strong>Pentru a participa la curs v\u0103 rug\u0103m s\u0103 completa\u0163i <a href=\"https:\/\/docs.google.com\/forms\/d\/e\/1FAIpQLSe5fdNtlPI4TxUwmcJcwz4H1yO9rCQv698jr633az63KVxZfA\/viewform?vc=0&amp;c=0&amp;w=1&amp;flr=0\">formularul de \u00eenscriere (click)<\/a><\/p><p>&nbsp;<\/p><ol start=\"4\"><li><strong><u>05.11.2020<\/u><\/strong> \u00eencep\u00e2nd cu ora 16:00 cursul de contabilitate av\u00e2nd ca tem\u0103 <strong>\u201cImpactul pandemiei de COVID 19 asupra contabilit\u0103\u021bii: tratamente adaptate, \u00eentreb\u0103ri si r\u0103spunsuri\u201d <\/strong>\u2013 <u>10 ore CPD*<\/u><\/li><\/ol><p><strong>\u00a0<\/strong><\/p><p>Pentru a participa la curs v\u0103 rug\u0103m s\u0103 completa\u0163i <a href=\"https:\/\/docs.google.com\/forms\/d\/e\/1FAIpQLScyZM9R_ENDJ0R13802W44xvYhwcd8ErB3MRpuIWB97ql0zLA\/viewform?vc=0&amp;c=0&amp;w=1&amp;flr=0\">formularul de \u00eenscriere (click)<\/a><\/p><p>&nbsp;<\/p><ol start=\"5\"><li><strong><u>10.11.2020<\/u><\/strong> \u00eencep\u00e2nd cu ora 16:00 cursul \u00a0av\u00e2nd ca tem\u0103 <strong>\u201eSurse alternative de finan\u021bare ale afacerii si evaluarea business-ului. Solu\u021bii in contextul crizei actuale\u201d <\/strong>-\u2013 <u>10 ore CPD*<\/u><\/li><\/ol><p><strong>\u00a0<\/strong><\/p><p>Pentru a participa la curs v\u0103 rug\u0103m s\u0103 completa\u0163i <a href=\"https:\/\/docs.google.com\/forms\/d\/e\/1FAIpQLSd-hb618nZyOJEpbCk0AGfdiMf5vuxU-C0qoMJQYP3bei7Emw\/viewform?vc=0&amp;c=0&amp;w=1&amp;flr=0\">formularul de \u00eenscriere (click)<\/a><\/p><p>Pentru consultarea regulilor de participare la curs \u2013 <a href=\"https:\/\/ceccartulcea.ro\/ro\/reguli-cursuri-online\/\">click aici<\/a><\/p><p>Cursul se va desf\u0103\u0219ura online, \u00een sistem de webinar, prin <u>platforma Zoom<\/u>.<\/p><p>Link-ul de conectare la platforma Zoom \u00eel ve\u0163i primi \u00een ziua cursului pe adresa de mail specificat\u0103 \u00een formularul de \u00eenscriere.<\/p><p>Totodat\u0103 v\u0103 reamintim faptul c\u0103 \u00een cursul unui an trebuie s\u0103 efectua\u0163i 40 de ore de preg\u0103tire profesional\u0103.<\/p><p><strong>Membrii CECCAR care nu au efectuat cele 40 de ore de CPD \u00een cursul anului 2020, conform PNDPC, <u>nu vor primi viz\u0103<\/u> de exercitarea profesiei pe anul 2021 \u015fi <u>vor achita o tax\u0103 de 50 lei\/10 ore CPD* + TVA<\/u> pentru efectuarea cursurilor restante.<\/strong><\/p><p><em>*Nota: 10\u00a0 ore CPD presupune efectuarea a 5 ore online si 5 ore studiu individual pe baza materialelor primite de la lector.<\/em><\/p><\/header><p><a href=\"https:\/\/ceccartulcea.ro\/ro\/reguli-cursuri-online\/\">Reguli curs online<\/a><\/p>\t\t\t\t\t\t\t<\/div>\n\t\t\t\t\t\t<div id=\"tab-cont-435841a89aa1e8b5e1a52a967d0eb145-4\"\n\t\t\t     class=\"tab-pane fade \">\n\t\t\t\t\n\t\t\t\t\t\t\t\t\t<p>Referitor la preg\u0103tirea profesional\u0103 anual\u0103 necesar\u0103 ob\u021binerii vizei de exercitare a profesiei \u00een anul 2020, v\u0103 comunic\u0103m c\u0103 <u>to\u021bi membrii<\/u> trebuie s\u0103 parcurg\u0103 orele de formare profesional\u0103 pentru anul 2019 (40 ore\/an).<\/p><ul><li>Membrii activi ai CECCAR care au efectuat orele de preg\u0103tire profesional\u0103 ca membrii activi ai Camerei Auditorilor Financiari din Rom\u00e2nia (CAFR), <u>pot beneficia<\/u> de echivalarea unui num\u0103r de maxim 16 ore preg\u0103tire profesional\u0103, urm\u00e2nd ca diferen\u021ba de 24 ore s\u0103 se efectueze \u00een cadrul CECCAR;<\/li><li>Membrii activi ai CECCAR care au efectuat orele de preg\u0103tire profesional\u0103 ca membrii activi ai Camerei Consultan\u021bilor Fiscali (CCF), <u>pot beneficia<\/u> de echivalarea unui num\u0103r de maxim 10 ore preg\u0103tire profesional\u0103, urm\u00e2nd ca diferen\u021ba de 30 ore s\u0103 se efectueze \u00een cadrul CECCAR;<\/li><li>Membrii CECCAR care au efectuat \u00een anul 2019 ore de preg\u0103tire profesional\u0103 ca membrii ai Association of Chartered Certified Accountants (ACCA), <u>nu pot beneficia<\/u> de echivalarea acestora \u00een vederea ob\u021binerii vizei de exercitare a profesiei pentru anul 2020, \u00een acest sens fiind necesar\u0103 parcurgerea orelor de preg\u0103tire profesional\u0103 \u00een cadrul CECCAR.<\/li><\/ul>\t\t\t\t\t\t\t<\/div>\n\t\t\t\t\t\t<div id=\"tab-cont-435841a89aa1e8b5e1a52a967d0eb145-5\"\n\t\t\t     class=\"tab-pane fade \">\n\t\t\t\t\n\t\t\t\t\t\t\t\t\t<p>\u00cen vederea efectu\u0103rii orelor obligatorii de preg\u0103tire profesional\u0103 continu\u0103 v\u0103 rog s\u0103 accesati platforma de preg\u0103tire on-line: <a href=\"http:\/\/cursuri.ceccar.ro\/learnin\">http:\/\/cursuri.ceccar.ro\/learnin<\/a><\/p><p>Accesul pe platform\u0103 se face utiliz\u00e2nd la <em>\u201eNumele utilizatorului\u201d<\/em> \u2013 adresa de mail comunicat\u0103 la CECCAR, iar <em>\u201eParola\u201d<\/em> \u2013 este cea primit\u0103 pe e-mail la \u00eenfiin\u0163area conturilor (\u00een anul 2017).<\/p><p>Dac\u0103 nu le mai g\u0103si\u0163i contacta\u0163i filiala CECCAR Tulcea \u00een vederea ob\u0163inerii acestora.<\/p><p>Dup\u0103 logare pute\u0163i accesa \u201ePregatire profesionala aferenta anului 2017\u201d respectiv \u201ePregatire profesionala aferenta anului 2018\u201d<\/p><p>La accesare o s\u0103 v\u0103 apar\u0103 suporturile de curs \u015fi pictograma \u201eCursuri inactivi\u201d in 2017 sau \u201eCursuri preg\u0103tire profesional\u0103 2018\u201d. Prin accesarea acestora pute\u0163i vizualiza \u00eenregistr\u0103rile cursurilor respective.<\/p><p>Pentru anul 2017 \u015fi 2018 se considere\u0103 c\u0103 a\u0163i efectuat orele de pregatire profesional\u0103 dac\u0103 vizualiza\u0163i \u00eenregistr\u0103rile cursurilor.<\/p><p>\u00cencep\u00e2nd cu preg\u0103tirea aferent\u0103 anului 2019 pe l\u00e2ng\u0103 vizualizarea cursurilor va trebui s\u0103 s\u0103 completa\u0163i un test de autoevaluare f\u0103r\u0103 grad de promovabilitate care va demonstra parcurgerea cursurilor.<\/p><p><a href=\"https:\/\/ceccartulcea.ro\/ro\/wp-content\/uploads\/2020\/03\/instructiuni-platforma-membri-inactivi.pdf\">Ghid de utilizare al platformei de preg\u0103tire on-line<\/a><\/p>\t\t\t\t\t\t\t<\/div>\n\t\t\t\t<\/div>\n<\/div><div class=\"fw-divider-space space-sm  clearfix\"  ><\/div>\t\t<\/div>\n\t<\/div>\n<\/div><\/div>\n\n\t<\/div>\n\t<\/section>\n","protected":false},"excerpt":{"rendered":"<p>Dezvoltare profesionala Informa\u0163ii utile Programul Na\u0163ional de Dezvoltare Profesional\u0103 Continu\u0103 Calendar cursuri, seminarii, \u00eentruniri profesionale Echivalare ore preg\u0103tire profesional\u0103 Preg\u0103tire profesional\u0103 membri inactivi Potrivit Metodologiei de acordare a vizei anuale pentru exercitarea profesiei, forma actualizat\u0103 [&hellip;]<\/p>\n","protected":false},"author":1,"featured_media":0,"parent":310,"menu_order":0,"comment_status":"closed","ping_status":"closed","template":"visual-builder-template.php","meta":{"footnotes":""},"class_list":["post-314","page","type-page","status-publish","hentry"],"brizy_media":[],"_links":{"self":[{"href":"https:\/\/ceccartulcea.ro\/ro\/wp-json\/wp\/v2\/pages\/314","targetHints":{"allow":["GET"]}}],"collection":[{"href":"https:\/\/ceccartulcea.ro\/ro\/wp-json\/wp\/v2\/pages"}],"about":[{"href":"https:\/\/ceccartulcea.ro\/ro\/wp-json\/wp\/v2\/types\/page"}],"author":[{"embeddable":true,"href":"https:\/\/ceccartulcea.ro\/ro\/wp-json\/wp\/v2\/users\/1"}],"replies":[{"embeddable":true,"href":"https:\/\/ceccartulcea.ro\/ro\/wp-json\/wp\/v2\/comments?post=314"}],"version-history":[{"count":43,"href":"https:\/\/ceccartulcea.ro\/ro\/wp-json\/wp\/v2\/pages\/314\/revisions"}],"predecessor-version":[{"id":3968,"href":"https:\/\/ceccartulcea.ro\/ro\/wp-json\/wp\/v2\/pages\/314\/revisions\/3968"}],"up":[{"embeddable":true,"href":"https:\/\/ceccartulcea.ro\/ro\/wp-json\/wp\/v2\/pages\/310"}],"wp:attachment":[{"href":"https:\/\/ceccartulcea.ro\/ro\/wp-json\/wp\/v2\/media?parent=314"}],"curies":[{"name":"wp","href":"https:\/\/api.w.org\/{rel}","templated":true}]}}