{"id":363,"date":"2017-10-30T10:24:52","date_gmt":"2017-10-30T08:24:52","guid":{"rendered":"https:\/\/ceccararad.ro\/ro\/?page_id=363"},"modified":"2022-09-02T14:01:52","modified_gmt":"2022-09-02T12:01:52","slug":"cariera","status":"publish","type":"page","link":"https:\/\/ceccartulcea.ro\/ro\/comunicari\/cariera\/","title":{"rendered":"Informa\u0163ii utile"},"content":{"rendered":"<section   class=\"fw-main-row  auto  fw-section-position-back\"    >\n\t\t\t<div class=\"fw-container\" >\n\t\t<div class=\"fw-row\">\n\t<div id=\"column-69dfd03e45781\" class=\"fw-col-sm-8 tf-sh-54fcadb827b66c443ddc6edc61b77dca\" >\n\t<div class=\"fw-wrap-col-inner clearfix  \"   >\n\t\t\t\t<div class=\"fw-col-inner\">\n\t\t\t<div class=\"fw-text-box tf-sh-d32e8a685f187595ba78f002498ccdfb \" >\n\t<div class=\"fw-text-inner\">\n\t\t<p>Pre\u0219edintele filialei CECCAR Tulcea ore program de consulta\u021bii pentru membrii filialei \u00een ultima joi a fiec\u0103rei luni, de la ora 09:00 p\u00e2n\u0103 la ora 17:00.<\/p>\n<p>Pentru program\u0103ri v\u0103 rug\u0103m s\u0103 transmite\u021bi solicitarea dvs. pe mail: ceccartulcea@ceccartulcea.ro<\/p>\n\t<\/div>\n<\/div>\t\t<\/div>\n\t<\/div>\n<\/div><div id=\"column-69dfd03e45d9b\" class=\"fw-col-sm-4 tf-sh-66167c81e7dd1fbf09621de9acdd0460\" >\n\t<div class=\"fw-wrap-col-inner clearfix  \"   >\n\t\t\t\t<div class=\"fw-col-inner\">\n\t\t\t\n\t\n\t\t<div class=\"fw-block-image-parent  \"  style=\"width: 100%; \">\n\t\t\t<span class=\"fw-block-image-child fw-ratio-5-3 fw-ratio-container\">\n\t\t\t\t<noscript itemscope itemtype=\"https:\/\/schema.org\/ImageObject\" itemprop=\"image\"><img decoding=\"async\" src=\"https:\/\/ceccartulcea.ro\/ro\/wp-content\/uploads\/2022\/04\/30000-de-experti-contabili-si-contabili-autorizati-se-opun-reorganizarii-si-restrangerii-independentei-a9347-300x182-1.png\"  alt=\"30000-de-experti-contabili-si-contabili-autorizati-se-opun-reorganizarii-si-restrangerii-independentei-a9347-300&#215;182\" data-maxdpr=\"1.7\" class=\"lazyload\" \/><meta itemprop=\"url\" content=\"https:\/\/ceccartulcea.ro\/ro\/wp-content\/uploads\/2022\/04\/30000-de-experti-contabili-si-contabili-autorizati-se-opun-reorganizarii-si-restrangerii-independentei-a9347-300x182-1.png\"><meta itemprop=\"width\" content=\"300\"><meta itemprop=\"height\" content=\"182\"><\/noscript><img decoding=\"async\" src=\"data:image\/gif;base64,R0lGODlhAQABAIAAAAAAAP\/\/\/yH5BAEAAAAALAAAAAABAAEAAAIBRAA7\" data-sizes=\"auto\" data-srcset=\"https:\/\/ceccartulcea.ro\/ro\/wp-content\/uploads\/2022\/04\/30000-de-experti-contabili-si-contabili-autorizati-se-opun-reorganizarii-si-restrangerii-independentei-a9347-300x182-1.png 300w\"   alt=\"30000-de-experti-contabili-si-contabili-autorizati-se-opun-reorganizarii-si-restrangerii-independentei-a9347-300&#215;182\" data-maxdpr=\"1.7\" class=\"lazyload\" \/>\t\t\t\t\t\t\t<\/span>\n\t\t<\/div>\n\n\t\n\t\t<\/div>\n\t<\/div>\n<\/div><\/div>\n\n\t<\/div>\n\t<\/section>\n","protected":false},"excerpt":{"rendered":"<p>Pre\u0219edintele filialei CECCAR Tulcea ore program de consulta\u021bii pentru membrii filialei \u00een ultima joi a fiec\u0103rei luni, de la ora 09:00 p\u00e2n\u0103 la ora 17:00. Pentru program\u0103ri v\u0103 rug\u0103m s\u0103 transmite\u021bi solicitarea dvs. pe mail: [&hellip;]<\/p>\n","protected":false},"author":1,"featured_media":0,"parent":361,"menu_order":0,"comment_status":"closed","ping_status":"closed","template":"","meta":{"footnotes":""},"class_list":["post-363","page","type-page","status-publish","hentry"],"brizy_media":[],"_links":{"self":[{"href":"https:\/\/ceccartulcea.ro\/ro\/wp-json\/wp\/v2\/pages\/363","targetHints":{"allow":["GET"]}}],"collection":[{"href":"https:\/\/ceccartulcea.ro\/ro\/wp-json\/wp\/v2\/pages"}],"about":[{"href":"https:\/\/ceccartulcea.ro\/ro\/wp-json\/wp\/v2\/types\/page"}],"author":[{"embeddable":true,"href":"https:\/\/ceccartulcea.ro\/ro\/wp-json\/wp\/v2\/users\/1"}],"replies":[{"embeddable":true,"href":"https:\/\/ceccartulcea.ro\/ro\/wp-json\/wp\/v2\/comments?post=363"}],"version-history":[{"count":4,"href":"https:\/\/ceccartulcea.ro\/ro\/wp-json\/wp\/v2\/pages\/363\/revisions"}],"predecessor-version":[{"id":7451,"href":"https:\/\/ceccartulcea.ro\/ro\/wp-json\/wp\/v2\/pages\/363\/revisions\/7451"}],"up":[{"embeddable":true,"href":"https:\/\/ceccartulcea.ro\/ro\/wp-json\/wp\/v2\/pages\/361"}],"wp:attachment":[{"href":"https:\/\/ceccartulcea.ro\/ro\/wp-json\/wp\/v2\/media?parent=363"}],"curies":[{"name":"wp","href":"https:\/\/api.w.org\/{rel}","templated":true}]}}