{"id":379,"date":"2017-10-30T10:41:40","date_gmt":"2017-10-30T10:41:40","guid":{"rendered":"https:\/\/ceccararad.ro\/ro\/?page_id=379"},"modified":"2019-11-12T10:45:03","modified_gmt":"2019-11-12T08:45:03","slug":"publicatii","status":"publish","type":"page","link":"https:\/\/ceccartulcea.ro\/ro\/comunicari\/publicatii\/","title":{"rendered":"Publica\u021bii"},"content":{"rendered":"<section   class=\"fw-main-row  auto  fw-section-position-back\"    >\n\t\t\t<div class=\"fw-container\" >\n\t\t<div class=\"fw-row\">\n\t<div id=\"column-69dfcd7ee40ec\" class=\"fw-col-sm-12 tf-sh-4bf7de7076824fb4c351a6d1039d0743\" >\n\t<div class=\"fw-wrap-col-inner clearfix  \"   >\n\t\t\t\t<div class=\"fw-col-inner\">\n\t\t\t<div class=\"fw-text-box tf-sh-b4a496c23a94b122350f1c9e2210e50c \" >\n\t<div class=\"fw-text-inner\">\n\t\t<p><strong><span style=\"font-size: 12pt;\">Publicatii<\/span><\/strong><\/p>\n\t<\/div>\n<\/div><div class=\"fw-divider-space space-sm  clearfix\"  ><\/div><div class=\"fw-heading fw-heading-left  tf-sh-dccf5934af7f91a486faee7777978164\" >\n\t\t\t<h5 class=\"fw-special-title\">CECCAR<\/h5>\n\t\n\t\n\t<\/div><div class=\"tf-sh-435841a89aa1e8b5e1a52a967d0eb145 fw-tabs fw-tabs-framed fw-tabs-left \" >\n\t<ul class=\"nav nav-tabs \">\n\t\t\t\t\t<li class=\"active\">\n\t\t\t\t<a href=\"#tab-cont-435841a89aa1e8b5e1a52a967d0eb145-1\" data-toggle=\"tab\">\n\t\t\t\t\t\n\t\t\t\t\t\t\t\t\t\t<span>Norme profesionale si ghiduri<\/span>\n\t\t\t\t<\/a>\n\t\t\t<\/li>\n\t\t\t\t\t\t\t\t<li >\n\t\t\t\t<a href=\"#tab-cont-435841a89aa1e8b5e1a52a967d0eb145-2\" data-toggle=\"tab\">\n\t\t\t\t\t\n\t\t\t\t\t\t\t\t\t\t<span>Pregatire examene<\/span>\n\t\t\t\t<\/a>\n\t\t\t<\/li>\n\t\t\t\t\t\t\t\t<li >\n\t\t\t\t<a href=\"#tab-cont-435841a89aa1e8b5e1a52a967d0eb145-3\" data-toggle=\"tab\">\n\t\t\t\t\t\n\t\t\t\t\t\t\t\t\t\t<span>Documente de pozitie<\/span>\n\t\t\t\t<\/a>\n\t\t\t<\/li>\n\t\t\t\t\t\t\t\t<li >\n\t\t\t\t<a href=\"#tab-cont-435841a89aa1e8b5e1a52a967d0eb145-4\" data-toggle=\"tab\">\n\t\t\t\t\t\n\t\t\t\t\t\t\t\t\t\t<span>Alte publicatii editate CECCAR<\/span>\n\t\t\t\t<\/a>\n\t\t\t<\/li>\n\t\t\t\t\t\t<\/ul>\n\n\t<div class=\"tab-content clearfix\">\n\t\t\t\t\t<div id=\"tab-cont-435841a89aa1e8b5e1a52a967d0eb145-1\"\n\t\t\t     class=\"tab-pane fade in active\">\n\t\t\t\t\n\t\t\t\t\t\t\t\t\t<p><a title=\"Programul Na\u0163ional de Dezvoltare Profesional\u0103 Continu\u0103, edi\u0163ia a IV-a, revizuit\u0103\" href=\"https:\/\/ceccartulcea.ro\/ro\/membri\/sunt-membru-ceccar\/dezvoltare-profesionala\/\" target=\"_blank\" rel=\"noopener\"><img loading=\"lazy\" decoding=\"async\" title=\"Copert\u0103 Programul Na\u0163ional de Dezvoltare Profesional\u0103 Continu\u0103, edi\u0163ia a IV-a, revizuit\u0103\" src=\"https:\/\/ceccartulcea.ro\/ro\/wp-content\/uploads\/2018\/10\/Coperta-PNDPC-2015.bmp\" alt=\"\" width=\"300\" height=\"400\" \/><\/a><\/p>\t\t\t\t\t\t\t<\/div>\n\t\t\t\t\t\t<div id=\"tab-cont-435841a89aa1e8b5e1a52a967d0eb145-2\"\n\t\t\t     class=\"tab-pane fade \">\n\t\t\t\t\n\t\t\t\t\t\t\t\t\t<table class=\" aligncenter\" border=\"0\" align=\"left\"><tbody><tr><td><p style=\"text-align: justify;\"><strong>Expertiz\u0103 contabil\u0103, o nou\u0103 publica\u021bie care vine \u00een sprijinul stagiarilor, disponibil\u0103 acum la filialele CECCAR<\/strong><\/p><p style=\"text-align: justify;\">Corpul Exper\u021bilor Contabili \u0219i Contabililor Autoriza\u021bi din Rom\u00e2nia (CECCAR) a lansat o nou\u0103 publica\u021bie de mare utilitate, destinat\u0103 \u00eendeosebi stagiarilor din anul III \u2013\u00a0Expertiz\u0103 contabil\u0103.<br \/>Lucrarea, realizat\u0103 de lect. univ. dr. Sergiu-Bogdan Constantin, cadru didactic la Academia de Studii Economice din Bucure\u0219ti, \u0219i Florentina Pantazi, expert contabil \u0219i doctor \u00een \u0219tiin\u021be economice, analizeaz\u0103 \u00een patru capitole, a\u0219a cum se anun\u021b\u0103 \u00eenc\u0103 din titlu, cele mai importante aspecte referitoare la expertiza contabil\u0103.<br \/>\u00cen capitolul I \u2013\u00a0Abord\u0103ri conceptuale privind expertiza contabil\u0103\u00a0\u2013 sunt redate aspecte privind conceptul de expertiz\u0103 contabil\u0103 (defini\u021bie, tr\u0103s\u0103turi, obiect, reglement\u0103ri), tipurile de expertize (judiciare \u0219i extrajudiciare), persoanele care pot efectua expertize contabile, respectiv\u00a0Normele nr. 1.044\/2010 aplicabile misiunii de expertiz\u0103 contabil\u0103 judiciar\u0103.<br \/>Articol complet \u00eel pute\u021bi consulta \u00een revista\u00a0<a href=\"http:\/\/www.ceccarbusinessmagazine.ro\/expertiza-contabila-o-noua-publicatie-care-vine-in-sprijinul-stagiarilor-disponibila-acum-la-filialele-ceccar-a5161\/\">CECCAR Business Magazine<\/a>.<\/p><\/td><td style=\"width: 1050px;\"><img loading=\"lazy\" decoding=\"async\" class=\"alignright size-full wp-image-1738\" src=\"https:\/\/ceccartulcea.ro\/ro\/wp-content\/uploads\/2019\/11\/expertiza-contabila.png\" alt=\"\" width=\"660\" height=\"400\" srcset=\"https:\/\/ceccartulcea.ro\/ro\/wp-content\/uploads\/2019\/11\/expertiza-contabila.png 660w, https:\/\/ceccartulcea.ro\/ro\/wp-content\/uploads\/2019\/11\/expertiza-contabila-300x182.png 300w\" sizes=\"auto, (max-width: 660px) 100vw, 660px\" \/><\/td><\/tr><tr><td style=\"width: 817px;\"><p style=\"text-align: justify;\"><strong>\u201eManagementul performan\u021bei\u201d, o nou\u0103 publica\u021bie care vine \u00een sprijinul stagiarilor<\/strong><\/p><p style=\"text-align: justify;\"><p style=\"text-align: justify;\">Corpul Exper\u021bilor Contabili \u0219i Contabililor Autoriza\u021bi din Rom\u00e2nia (CECCAR) pune la dispozi\u021bia stagiarilor o nou\u0103 publica\u021bie de mare utilitate \u2013\u00a0Managementul performan\u021bei.<\/p><p style=\"text-align: justify;\">Lucrarea, realizat\u0103 de Corina-Graziella B\u00e2tc\u0103-Dumitru, Daniela-Nicoleta Sahlian \u0219i Cleopatra \u0218endroiu, analizeaz\u0103 \u00een opt capitole cele mai importante aspecte referitoare la managementul performan\u021bei, precum m\u0103surarea performan\u021bei, analiza cost-volum-profit \u0219i performan\u021ba \u0219i decizii manageriale pe termen scurt bazate pe costuri.<\/p><p style=\"text-align: justify;\">\u00cen capitolul introductiv \u2013\u00a0Managementul performan\u021bei: m\u0103surare \u0219i control\u00a0\u2013 este explicat conceptul de performan\u021b\u0103 \u0219i sunt definite concepte precum performan\u021ba organiza\u021bional\u0103, responsabilitatea social\u0103 corporativ\u0103, m\u0103surarea performan\u021bei organiza\u021bionale, indicatorii-cheie de performan\u021b\u0103 \u0219i controlul performan\u021bei.<\/p><p style=\"text-align: justify;\">\u00cen Capitolul I (M\u0103surarea performan\u021bei prin metoda Activity Based Costing) se prezint\u0103 istoricul \u0219i cauzele costurilor pe procese, organizarea calcula\u021biei costurilor pe procese, variante ale calcula\u021biei costurilor pe procese, pentru ca, \u00een partea de final, s\u0103 fie abordat\u0103 folosirea metodei ABC \u00een analiza rentabilit\u0103\u021bii clien\u021bilor. Cel de-al doilea capitol, intitulat\u00a0M\u0103surarea performan\u021bei prin metoda costurilor-\u021bint\u0103, aduce \u00een discu\u021bie caracteristicile \u0219i necesitatea acestei metode, obiectivele \u0219i etapele de parcurs, fiind detaliat\u0103 metodologia determin\u0103rii costurilor-\u021bint\u0103 \u0219i prezentate exemple privind aplicarea acestei metode.<\/p><\/td><td style=\"width: 1050px;\"><img loading=\"lazy\" decoding=\"async\" class=\"alignright size-full wp-image-1740\" src=\"https:\/\/ceccartulcea.ro\/ro\/wp-content\/uploads\/2019\/11\/varianta-1B-710.png\" alt=\"\" width=\"710\" height=\"429\" srcset=\"https:\/\/ceccartulcea.ro\/ro\/wp-content\/uploads\/2019\/11\/varianta-1B-710.png 710w, https:\/\/ceccartulcea.ro\/ro\/wp-content\/uploads\/2019\/11\/varianta-1B-710-300x181.png 300w\" sizes=\"auto, (max-width: 710px) 100vw, 710px\" \/><\/td><\/tr><tr><td style=\"width: 817px;\"><p style=\"text-align: justify;\" align=\"center\"><strong>\u201eGhidul pentru preg\u0103tirea candida\u021bilor la examenul de acces la stagiul pentru ob\u021binerea calit\u0103\u021bii de expert contabil \u0219i de contabil autorizat\u201d, disponibil acum \u0219i \u00een varianta electronic\u0103<\/strong><\/p><p style=\"text-align: justify;\"><p style=\"text-align: justify;\">Pentru a veni \u00een sprijinul candida\u021bilor la examenul de acces la stagiu, Corpul Exper\u021bilor Contabili \u0219i Contabililor Autoriza\u021bi din Rom\u00e2nia (CECCAR) a lansat varianta electronic\u0103 a Ghidului de acces.<\/p><p style=\"text-align: justify;\">Acesta este disponibil pe platforma online <a href=\"https:\/\/librarie.ceccar.ro\">https:\/\/librarie.ceccar.ro<\/a>.<\/p><p style=\"text-align: justify;\">Reamintim c\u0103 CECCAR nu se asociaz\u0103 cu anun\u021burile altor entit\u0103\u021bi care ofer\u0103 informa\u021bii cu privire la modalit\u0103\u021bile de acces la profesia de expert contabil\/contabil autorizat, la subiectele examenului \u0219i nici cu alte publica\u021bii care pretind c\u0103 sus\u021bin preg\u0103tirea \u00een vederea sus\u021binerii examenului de acces. Subiectele \u0219i rezolv\u0103rile vehiculate de alte entit\u0103\u021bi prin diverse canale de comunicare nu sunt avizate de CECCAR.<\/p><p style=\"text-align: justify;\">Parcurgerea programelor de preg\u0103tire premerg\u0103toare examenului, precum \u0219i utilizarea ca suport de studiu a publica\u021biilor emise de CECCAR sunt pa\u0219i esen\u021biali \u00een asimilarea cuno\u0219tin\u021belor necesare.<\/p><p style=\"text-align: justify;\">Recomand\u0103m citirea cu aten\u021bie a condi\u021biilor de utilizare a publica\u021biilor \u00een format electronic emise de CECCAR, disponibile pe site-ul mai sus amintit.<\/p><\/td><td style=\"width: 1050px;\"><img loading=\"lazy\" decoding=\"async\" class=\"alignright size-full wp-image-1741\" src=\"https:\/\/ceccartulcea.ro\/ro\/wp-content\/uploads\/2019\/11\/Ghid-acces-electronic-2.png\" alt=\"\" width=\"1336\" height=\"870\" srcset=\"https:\/\/ceccartulcea.ro\/ro\/wp-content\/uploads\/2019\/11\/Ghid-acces-electronic-2.png 1336w, https:\/\/ceccartulcea.ro\/ro\/wp-content\/uploads\/2019\/11\/Ghid-acces-electronic-2-300x195.png 300w, https:\/\/ceccartulcea.ro\/ro\/wp-content\/uploads\/2019\/11\/Ghid-acces-electronic-2-768x500.png 768w, https:\/\/ceccartulcea.ro\/ro\/wp-content\/uploads\/2019\/11\/Ghid-acces-electronic-2-1024x667.png 1024w\" sizes=\"auto, (max-width: 1336px) 100vw, 1336px\" \/><\/td><\/tr><tr><td style=\"width: 817px;\"><a title=\"Ghid-examen-aptitudini-editia-VI\" href=\"http:\/\/ceccartulcea.ro\/ro\/wp-content\/uploads\/2019\/03\/Ghid-aptitudini-examen-editia-VI.pdf\"><img loading=\"lazy\" decoding=\"async\" class=\"size-medium wp-image-3568 alignleft\" title=\"Copert\u0103 Ghid-examen-aptitudini-editia-VI\" src=\"http:\/\/ceccartulcea.ro\/ro\/wp-content\/uploads\/2019\/03\/Ghid-examen-aptitudini-editia-VI.jpg\" alt=\"\" width=\"300\" height=\"400\" \/><\/a><\/td><td style=\"width: 1050px;\"><a title=\"Misiuni de asigurare \u0219i nonasigurare, altele dec\u00e2t cele de audit financiar\" href=\"http:\/\/ceccartulcea.ro\/ro\/wp-content\/uploads\/2019\/03\/Misiuni-de-asigurare-si-nonasigurare-altele-decat-cele-de-audit-financiar.pdf\" target=\"_blank\" rel=\"noopener\"><img loading=\"lazy\" decoding=\"async\" class=\"size-medium wp-image-3568 alignleft\" title=\"Copert\u0103 Misiuni de asigurare \u0219i nonasigurare, altele dec\u00e2t cele de audit financiar\" src=\"http:\/\/ceccartulcea.ro\/ro\/wp-content\/uploads\/2019\/03\/Coperta-misiuni-de-asigurare-si-nonasigurare.jpg\" alt=\"\" width=\"300\" height=\"400\" \/><\/a><\/td><\/tr><tr><td style=\"width: 817px;\"><img loading=\"lazy\" decoding=\"async\" class=\"size-medium wp-image-3568 alignleft\" title=\"Copert\u0103 CECCAR - Ghid pentru preg\u0103tirea candida\u021bilor la examenul de acces la stagiul\" src=\"http:\/\/ceccartulcea.ro\/ro\/wp-content\/uploads\/2019\/03\/Coperta-Ghid-acces-2018-pt-revista.jpg\" alt=\"\" width=\"300\" height=\"400\" \/><\/td><td style=\"width: 1050px;\"><img loading=\"lazy\" decoding=\"async\" class=\"size-medium wp-image-3568 alignleft\" title=\"Copert\u0103 Elemente de Dreptul Muncii, edi\u021bia a II-a revizuit\u0103 - 2018\" src=\"http:\/\/ceccartulcea.ro\/ro\/wp-content\/uploads\/2019\/03\/Copert\u0103-Elemente-de-Dreptul-Muncii-edi\u021bia-a-II-a-revizuit\u0103-2018.jpg\" alt=\"\" width=\"300\" height=\"400\" \/><\/td><\/tr><tr><td style=\"width: 817px;\"><img loading=\"lazy\" decoding=\"async\" class=\"size-medium wp-image-3568 alignleft\" title=\"Copert\u0103 Dreptul afacerilor, edi\u021bia a II-a revizuit\u0103 - 2018\" src=\"http:\/\/ceccartulcea.ro\/ro\/wp-content\/uploads\/2019\/03\/Coperta-Dreptul-Afacerilor.jpg\" alt=\"\" width=\"300\" height=\"400\" \/><\/td><\/tr><\/tbody><\/table>\t\t\t\t\t\t\t<\/div>\n\t\t\t\t\t\t<div id=\"tab-cont-435841a89aa1e8b5e1a52a967d0eb145-3\"\n\t\t\t     class=\"tab-pane fade \">\n\t\t\t\t\n\t\t\t\t\t\t\t<\/div>\n\t\t\t\t\t\t<div id=\"tab-cont-435841a89aa1e8b5e1a52a967d0eb145-4\"\n\t\t\t     class=\"tab-pane fade \">\n\t\t\t\t\n\t\t\t\t\t\t\t\t\t<table border=\"0\" align=\"left\"><tbody><tr><td><img loading=\"lazy\" decoding=\"async\" class=\"size-medium wp-image-3568 alignleft\" title=\"Copert\u0103 Reorganizarea si lichidarea societatilor - 2018\" src=\"https:\/\/ceccartulcea.ro\/ro\/wp-content\/uploads\/2019\/03\/reorg-si-lich-soc.png\" alt=\"\" width=\"700\" height=\"400\" \/><\/td><\/tr><\/tbody><\/table>\t\t\t\t\t\t\t<\/div>\n\t\t\t\t<\/div>\n<\/div><div class=\"fw-heading fw-heading-left  tf-sh-3922ee07d044bcf322db111da14a31d5\" >\n\t\t\t<h5 class=\"fw-special-title\">Organisme internationale<\/h5>\n\t\n\t\n\t<\/div><div class=\"tf-sh-84d634b2fb2f2a928439f397de4cea11 fw-tabs fw-tabs-framed fw-tabs-left \" >\n\t<ul class=\"nav nav-tabs \">\n\t\t\t\t\t<li class=\"active\">\n\t\t\t\t<a href=\"#tab-cont-84d634b2fb2f2a928439f397de4cea11-1\" data-toggle=\"tab\">\n\t\t\t\t\t\n\t\t\t\t\t\t\t\t\t\t<span>Norme profesionale si ghiduri<\/span>\n\t\t\t\t<\/a>\n\t\t\t<\/li>\n\t\t\t\t\t\t\t\t<li >\n\t\t\t\t<a href=\"#tab-cont-84d634b2fb2f2a928439f397de4cea11-2\" data-toggle=\"tab\">\n\t\t\t\t\t\n\t\t\t\t\t\t\t\t\t\t<span>Documente de pozitie<\/span>\n\t\t\t\t<\/a>\n\t\t\t<\/li>\n\t\t\t\t\t\t\t\t<li >\n\t\t\t\t<a href=\"#tab-cont-84d634b2fb2f2a928439f397de4cea11-3\" data-toggle=\"tab\">\n\t\t\t\t\t\n\t\t\t\t\t\t\t\t\t\t<span>Alte documente de interes<\/span>\n\t\t\t\t<\/a>\n\t\t\t<\/li>\n\t\t\t\t\t\t<\/ul>\n\n\t<div class=\"tab-content clearfix\">\n\t\t\t\t\t<div id=\"tab-cont-84d634b2fb2f2a928439f397de4cea11-1\"\n\t\t\t     class=\"tab-pane fade in active\">\n\t\t\t\t\n\t\t\t\t\t\t\t\t\t<table border=\"0\" align=\"center\"><tbody><tr><td><a title=\"Ghidul de gestionare a activit\u0103\u021bilor pentru practicile mici \u0219i mijlocii, edi\u021bia a IV-a\" href=\"https:\/\/ceccartulcea.ro\/ro\/wp-content\/uploads\/2019\/03\/a-Ghidului-de-gestionare-a-activit\u0103\u021bilor-pentru-practicile-mici-\u0219i-mijlocii.doc\" target=\"_blank\" rel=\"noopener\"><img loading=\"lazy\" decoding=\"async\" class=\"size-medium wp-image-3568 alignleft\" title=\"Ghidul de gestionare a activit\u0103\u021bilor pentru practicile mici \u0219i mijlocii, edi\u021bia a IV-a\" src=\"http:\/\/ceccartulcea.ro\/ro\/wp-content\/uploads\/2019\/03\/SMP-Guide-cover.png\" alt=\"\" width=\"300\" height=\"400\" \/><\/a><\/td><td><a title=\"Evaluarea \u0219i \u00eembun\u0103t\u0103\u021birea controlului intern \u00een organiza\u021bii\" href=\"https:\/\/ceccartulcea.ro\/ro\/wp-content\/uploads\/2019\/03\/Evaluarea-controlului-intern.doc\" target=\"_blank\" rel=\"noopener\"><img loading=\"lazy\" decoding=\"async\" class=\"size-medium wp-image-3568 alignleft\" title=\"Coperta Evaluarea \u0219i \u00eembun\u0103t\u0103\u021birea controlului intern \u00een organiza\u021bii\" src=\"http:\/\/ceccartulcea.ro\/ro\/wp-content\/uploads\/2019\/03\/Coperta-IGPG-IFAC.png\" alt=\"\" width=\"300\" height=\"400\" \/><\/a><\/td><td width=\"200\"><\/td><\/tr><\/tbody><\/table><table><tbody><tr><td><img loading=\"lazy\" decoding=\"async\" class=\"size-medium wp-image-3568 alignleft\" title=\"Copert\u0103 Standardele IFRS\u00ae 2017\" src=\"https:\/\/ceccartulcea.ro\/ro\/wp-content\/uploads\/2019\/03\/IFRS2017Side.jpg\" alt=\"\" width=\"750\" height=\"500\" \/><\/td><\/tr><\/tbody><\/table><table><tbody><tr><td><a title=\"Ghidul de gestionare a activit\u0103\u021bilor pentru practicile mici \u0219i mijlocii, edi\u021bia a IV-a\" href=\"https:\/\/ceccartulcea.ro\/ro\/wp-content\/uploads\/2019\/03\/Ghid-de-gestionare-a-activitatilor-pentru-PMM-ed-IV_compressed.pdf\" target=\"_blank\" rel=\"noopener\"><img loading=\"lazy\" decoding=\"async\" class=\"size-medium wp-image-3568 alignleft\" title=\"Ghidul de gestionare a activit\u0103\u021bilor pentru practicile mici \u0219i mijlocii, edi\u021bia a IV-a\" src=\"https:\/\/ceccartulcea.ro\/ro\/wp-content\/uploads\/2019\/03\/SMP-Guide-cover.png\" alt=\"\" width=\"300\" height=\"400\" \/><\/a><\/td><td width=\"200\"><\/td><td><a title=\"Evaluarea \u0219i \u00eembun\u0103t\u0103\u021birea controlului intern \u00een organiza\u021bii\" href=\"https:\/\/ceccartulcea.ro\/ro\/wp-content\/uploads\/2019\/03\/Evaluarea-\u0219i-\u00eembun\u0103t\u0103\u021birea-controlului-intern-\u00een-organiza\u021bii.pdf\" target=\"_blank\" rel=\"noopener\"><img loading=\"lazy\" decoding=\"async\" class=\"size-medium wp-image-3568 alignleft\" title=\"Coperta Evaluarea \u0219i \u00eembun\u0103t\u0103\u021birea controlului intern \u00een organiza\u021bii\" src=\"http:\/\/ceccartulcea.ro\/ro\/wp-content\/uploads\/2019\/03\/Coperta-IGPG-IFAC.png\" alt=\"\" width=\"300\" height=\"400\" \/><\/a><\/td><\/tr><\/tbody><\/table>\t\t\t\t\t\t\t<\/div>\n\t\t\t\t\t\t<div id=\"tab-cont-84d634b2fb2f2a928439f397de4cea11-2\"\n\t\t\t     class=\"tab-pane fade \">\n\t\t\t\t\n\t\t\t\t\t\t\t\t\t<table border=\"0\" align=\"left\"><tbody><tr><td><a title=\"Accountancy Europe - Rolul profesioni\u0219tilor contabili in domeniul fiscal Q&amp;A - iulie 2017\" href=\"http:\/\/ceccartulcea.ro\/ro\/wp-content\/uploads\/2019\/03\/doing-the-right-thing-2017_in-template-RO-consilier.pdf\" target=\"_blank\" rel=\"noopener\"><img loading=\"lazy\" decoding=\"async\" class=\"size-medium wp-image-3568 alignleft\" title=\"Copert\u0103 Accountancy Europe - Rolul profesioni\u0219tilor contabili in domeniul fiscal Q&amp;A - iulie 2017\" src=\"http:\/\/ceccartulcea.ro\/ro\/wp-content\/uploads\/2019\/03\/AC-Rolul-profesionistilor-contabili-in-domeniul-fiscal-QA.jpg\" alt=\"\" width=\"300\" height=\"400\" \/><\/a><\/td><td><a title=\"Accountancy Europe - Profesia contabil\u0103 \u0219i fiscalitatea: abordarea corect\u0103 (2015)\" href=\"http:\/\/ceccartulcea.ro\/ro\/wp-content\/uploads\/2019\/03\/1510_The_accountancy_profession_and_taxation-RO.pdf\" target=\"_blank\" rel=\"noopener\"><img loading=\"lazy\" decoding=\"async\" class=\"size-medium wp-image-3568 alignleft\" title=\"Coperta Profesia contabil\u0103 \u0219i fiscalitatea: abordarea corect\u0103 (2015)\" src=\"http:\/\/ceccartulcea.ro\/ro\/wp-content\/uploads\/2019\/03\/Profesia-contabila-si-fiscalitatea-abordarea-corecta.jpg\" alt=\"\" width=\"300\" height=\"400\" \/><\/a><\/td><\/tr><tr><td><a title=\"Document de pozi\u021bie politic\u0103 IFAC 5 - iunie 2012\" href=\"http:\/\/ceccartulcea.ro\/ro\/wp-content\/uploads\/2019\/03\/PPP-5-doc-de-poztie-IFAC.pdf\" target=\"_blank\" rel=\"noopener\"><img loading=\"lazy\" decoding=\"async\" class=\"size-medium wp-image-3568 alignleft\" title=\"Coperta Document de pozi\u021bie politic\u0103 IFAC 5 - iunie 2012\" src=\"http:\/\/ceccartulcea.ro\/ro\/wp-content\/uploads\/2019\/03\/Document-de-pozitie-politica-IFAC-5-iunie-2012.jpg\" alt=\"\" width=\"300\" height=\"400\" \/><\/a><\/td><\/tr><\/tbody><\/table>\t\t\t\t\t\t\t<\/div>\n\t\t\t\t\t\t<div id=\"tab-cont-84d634b2fb2f2a928439f397de4cea11-3\"\n\t\t\t     class=\"tab-pane fade \">\n\t\t\t\t\n\t\t\t\t\t\t\t\t\t<table border=\"0\" align=\"left\"><tbody><tr><td><a title=\"IFAC Relatia expertiza contabila - performanta afaceri\" href=\"http:\/\/ceccartulcea.ro\/ro\/wp-content\/uploads\/2019\/03\/The-Relationship-between-Accountancy-Expertise-and-Business-Performance-key-findings-RO.pdf\" target=\"_blank\" rel=\"noopener\"><img loading=\"lazy\" decoding=\"async\" class=\"size-medium wp-image-3568 alignleft\" title=\"IFAC Relatia expertiza contabila - performanta afaceri\" src=\"http:\/\/ceccartulcea.ro\/ro\/wp-content\/uploads\/2019\/03\/IFAC-Relatia-expertiza-contabila-performanta-afaceri.png\" alt=\"\" width=\"300\" height=\"450\" \/><\/a><\/td><td><a title=\"Accountancy Europe - Intermediarii fiscali - iunie 2018\" href=\"http:\/\/ceccartulcea.ro\/ro\/wp-content\/uploads\/2019\/03\/2018-05-28-Tax-Intermediaries-Fact-Sheet-clean.pdf\" target=\"_blank\" rel=\"noopener\"><img loading=\"lazy\" decoding=\"async\" class=\"size-medium wp-image-3568 alignleft\" title=\"CAccountancy Europe - Intermediarii fiscali - iunie 2018\" src=\"http:\/\/ceccartulcea.ro\/ro\/wp-content\/uploads\/2019\/03\/Accountancy-Europe-Intermediarii-fiscali-iunie-2018.jpg\" alt=\"\" width=\"300\" height=\"450\" \/><\/a><\/td><\/tr><tr><td><a title=\"Accountancy Europe - A cincea Directiv\u0103 privind combaterea sp\u0103l\u0103rii banilor\" href=\"http:\/\/ceccartulcea.ro\/ro\/wp-content\/uploads\/2019\/03\/5th-AMLD-factsheet-RO.pdf\" target=\"_blank\" rel=\"noopener\"><img loading=\"lazy\" decoding=\"async\" class=\"size-medium wp-image-3568 alignleft\" title=\"Copert\u0103 A cincea Directiv\u0103 privind combaterea sp\u0103l\u0103rii banilor\" src=\"http:\/\/ceccartulcea.ro\/ro\/wp-content\/uploads\/2019\/03\/5-a-Directiva-spalarea-banilor.png\" alt=\"\" width=\"300\" height=\"450\" \/><\/a><\/td><\/tr><\/tbody><\/table>\t\t\t\t\t\t\t<\/div>\n\t\t\t\t<\/div>\n<\/div>\t\t<\/div>\n\t<\/div>\n<\/div><\/div>\n\n\t<\/div>\n\t<\/section>\n","protected":false},"excerpt":{"rendered":"<p>Publicatii CECCAR Norme profesionale si ghiduri Pregatire examene Documente de pozitie Alte publicatii editate CECCAR Expertiz\u0103 contabil\u0103, o nou\u0103 publica\u021bie care vine \u00een sprijinul stagiarilor, disponibil\u0103 acum la filialele CECCARCorpul Exper\u021bilor Contabili \u0219i Contabililor Autoriza\u021bi [&hellip;]<\/p>\n","protected":false},"author":1,"featured_media":0,"parent":361,"menu_order":0,"comment_status":"closed","ping_status":"closed","template":"visual-builder-template.php","meta":{"footnotes":""},"class_list":["post-379","page","type-page","status-publish","hentry"],"brizy_media":[],"_links":{"self":[{"href":"https:\/\/ceccartulcea.ro\/ro\/wp-json\/wp\/v2\/pages\/379","targetHints":{"allow":["GET"]}}],"collection":[{"href":"https:\/\/ceccartulcea.ro\/ro\/wp-json\/wp\/v2\/pages"}],"about":[{"href":"https:\/\/ceccartulcea.ro\/ro\/wp-json\/wp\/v2\/types\/page"}],"author":[{"embeddable":true,"href":"https:\/\/ceccartulcea.ro\/ro\/wp-json\/wp\/v2\/users\/1"}],"replies":[{"embeddable":true,"href":"https:\/\/ceccartulcea.ro\/ro\/wp-json\/wp\/v2\/comments?post=379"}],"version-history":[{"count":17,"href":"https:\/\/ceccartulcea.ro\/ro\/wp-json\/wp\/v2\/pages\/379\/revisions"}],"predecessor-version":[{"id":1743,"href":"https:\/\/ceccartulcea.ro\/ro\/wp-json\/wp\/v2\/pages\/379\/revisions\/1743"}],"up":[{"embeddable":true,"href":"https:\/\/ceccartulcea.ro\/ro\/wp-json\/wp\/v2\/pages\/361"}],"wp:attachment":[{"href":"https:\/\/ceccartulcea.ro\/ro\/wp-json\/wp\/v2\/media?parent=379"}],"curies":[{"name":"wp","href":"https:\/\/api.w.org\/{rel}","templated":true}]}}