{"id":572,"date":"2020-03-03T14:54:52","date_gmt":"2020-03-03T12:54:52","guid":{"rendered":"https:\/\/ceccararad.ro\/ro\/?page_id=572"},"modified":"2025-03-24T16:28:05","modified_gmt":"2025-03-24T14:28:05","slug":"ex-de-acces-la-stagiu","status":"publish","type":"page","link":"https:\/\/ceccartulcea.ro\/ro\/membri\/cum-devin-membru-ceccar\/ex-de-acces-la-stagiu\/","title":{"rendered":"Examenul de acces la stagiu"},"content":{"rendered":"<section   class=\"fw-main-row  auto  fw-section-position-back\"    >\n\t\t\t<div class=\"fw-container\" >\n\t\t<div class=\"fw-row\">\n\t<div id=\"column-69dfd98e21bca\" class=\"fw-col-sm-12 tf-sh-4bf7de7076824fb4c351a6d1039d0743\" >\n\t<div class=\"fw-wrap-col-inner clearfix  \"   >\n\t\t\t\t<div class=\"fw-col-inner\">\n\t\t\t<div class=\"fw-text-box tf-sh-b4a496c23a94b122350f1c9e2210e50c \" >\n\t<div class=\"fw-text-inner\">\n\t\t<p><strong><span style=\"font-size: 12pt;\">Examenul de acces la stagiu<\/span><\/strong><\/p>\n\t<\/div>\n<\/div><div class=\"fw-divider-space space-sm  clearfix\"  ><\/div><div class=\"tf-sh-435841a89aa1e8b5e1a52a967d0eb145 fw-tabs fw-tabs-minimal fw-tabs-top \" >\n\t<ul class=\"nav nav-tabs nav-justified\">\n\t\t\t\t\t<li class=\"active\">\n\t\t\t\t<a href=\"#tab-cont-435841a89aa1e8b5e1a52a967d0eb145-1\" data-toggle=\"tab\">\n\t\t\t\t\t\n\t\t\t\t\t\t\t\t\t\t<span>Anun\u0163uri \u015fi nout\u0103\u0163i<\/span>\n\t\t\t\t<\/a>\n\t\t\t<\/li>\n\t\t\t\t\t\t\t\t<li >\n\t\t\t\t<a href=\"#tab-cont-435841a89aa1e8b5e1a52a967d0eb145-2\" data-toggle=\"tab\">\n\t\t\t\t\t\n\t\t\t\t\t\t\t\t\t\t<span>Regulament privind accesul la profesia de expert contabil \u015fi de contabil autorizat<\/span>\n\t\t\t\t<\/a>\n\t\t\t<\/li>\n\t\t\t\t\t\t\t\t<li >\n\t\t\t\t<a href=\"#tab-cont-435841a89aa1e8b5e1a52a967d0eb145-3\" data-toggle=\"tab\">\n\t\t\t\t\t\n\t\t\t\t\t\t\t\t\t\t<span>Programa aferent\u0103 examenului de acces la stagiu<\/span>\n\t\t\t\t<\/a>\n\t\t\t<\/li>\n\t\t\t\t\t\t\t\t<li >\n\t\t\t\t<a href=\"#tab-cont-435841a89aa1e8b5e1a52a967d0eb145-4\" data-toggle=\"tab\">\n\t\t\t\t\t\n\t\t\t\t\t\t\t\t\t\t<span>Dosarul de \u00eenscriere la examenul de acces la stagiu<\/span>\n\t\t\t\t<\/a>\n\t\t\t<\/li>\n\t\t\t\t\t\t\t\t<li >\n\t\t\t\t<a href=\"#tab-cont-435841a89aa1e8b5e1a52a967d0eb145-5\" data-toggle=\"tab\">\n\t\t\t\t\t\n\t\t\t\t\t\t\t\t\t\t<span>Sesiuni de examen de acces la stagiu<\/span>\n\t\t\t\t<\/a>\n\t\t\t<\/li>\n\t\t\t\t\t\t\t\t<li >\n\t\t\t\t<a href=\"#tab-cont-435841a89aa1e8b5e1a52a967d0eb145-6\" data-toggle=\"tab\">\n\t\t\t\t\t\n\t\t\t\t\t\t\t\t\t\t<span>Calendar cursuri<\/span>\n\t\t\t\t<\/a>\n\t\t\t<\/li>\n\t\t\t\t\t\t<\/ul>\n\n\t<div class=\"tab-content clearfix\">\n\t\t\t\t\t<div id=\"tab-cont-435841a89aa1e8b5e1a52a967d0eb145-1\"\n\t\t\t     class=\"tab-pane fade in active\">\n\t\t\t\t\n\t\t\t\t\t\t\t\t\t<p>Examenul de admitere la stagiu se va organiza \u00een zilele de\u00a0<strong>2-3 octombrie 2025<\/strong>\u00a0\u0219i const\u0103 \u00een urm\u0103toarele:<\/p><ul class=\"wp-block-list\"><li><strong>Pentru categoria de expert contabil, sus\u021binerea a dou\u0103 probe scrise, dup\u0103 cum urmeaz\u0103:<\/strong><ul class=\"wp-block-list\"><li>o prob\u0103 scris\u0103 cu subiecte din disciplinele\u00a0<em>Contabilitate, Fiscalitate\u00a0<\/em>\u015fi<em>\u00a0Drept<\/em>, cu o durat\u0103 de 3 ore;<\/li><li>o prob\u0103 scris\u0103 cu subiecte din disciplinele\u00a0<em>Evaluare economic\u0103 \u015fi financiar\u0103 a \u00eentreprinderilor, Audit, Expertiz\u0103 contabil\u0103 \u015fi Doctrina \u015fi deontologia profesiei contabile<\/em>, cu o durat\u0103 de 3 ore;<\/li><\/ul><\/li><\/ul><ul class=\"wp-block-list\"><li><strong>Pentru categoria contabililor autoriza\u0163i care \u00eendeplinesc condi\u0163ia de studii superioare economice\u00a0<\/strong>sus\u021binerea\u00a0unei probe scrise cu subiecte din disciplinele\u00a0<em>Contabilitate, Evaluare economic\u0103 \u015fi financiar\u0103 a \u00eentreprinderilor, Audit, Expertiz\u0103 contabil\u0103, Doctrina\u00a0\u015fi deontologia profesiei contabile<\/em>\u00a0cu o durat\u0103 de 4 ore;<\/li><\/ul><ul class=\"wp-block-list\"><li><strong>Pentru categoria de contabil autorizat<\/strong>\u00a0sus\u021binerea unei probe scrise, cu subiecte\u00a0din disciplinele\u00a0<em>Contabilitate<\/em>,\u00a0<em>Fiscalitate<\/em>\u00a0\u015fi\u00a0<em>Drept<\/em>, cu o durat\u0103 de 3 ore.<\/li><\/ul><p>Se declar\u0103 admi\u0219i candida\u021bii care ob\u021bin cel pu\u021bin media 7 \u0219i minimum nota 6 la fiecare disciplin\u0103 de examen.<\/p><p class=\"has-text-align-center\"><strong>Termenul de depunere a dosarului \u00eenscrierea la<\/strong>\u00a0<strong>sesiunea\u00a02-3 octombrie 2025\u00a0a examenului de admitere la stagiu<\/strong><\/p><p>Dosarele de \u00eenscriere la examenul de admitere la stagiu pot fi depuse la sediul oric\u0103rei filiale CECCAR sau online p\u00e2n\u0103 la termenul-limit\u0103 de\u00a0<strong>1 septembrie 2025<\/strong>.<\/p>\t\t\t\t\t\t\t<\/div>\n\t\t\t\t\t\t<div id=\"tab-cont-435841a89aa1e8b5e1a52a967d0eb145-2\"\n\t\t\t     class=\"tab-pane fade \">\n\t\t\t\t\n\t\t\t\t\t\t\t\t\t<header><a href=\"http:\/\/ceccartulcea.ro\/ro\/wp-content\/uploads\/2018\/10\/regulament-acces.pdf\" target=\"_blank\" rel=\"noopener\">Regulament privind accesul la profesia de expert contabil \u015fi de contabil autorizat<\/a><\/header>\t\t\t\t\t\t\t<\/div>\n\t\t\t\t\t\t<div id=\"tab-cont-435841a89aa1e8b5e1a52a967d0eb145-3\"\n\t\t\t     class=\"tab-pane fade \">\n\t\t\t\t\n\t\t\t\t\t\t\t\t\t<ul><li><a href=\"https:\/\/ceccartulcea.ro\/ro\/wp-content\/uploads\/2025\/03\/Programa-EC-examen-acces-2025.pdf\">Programa aferent\u0103 examenului de acces la stagiu \u00een vederea ob\u0163inerii calit\u0103\u0163ii de expert contabil\u00a0<\/a><\/li><li><a href=\"https:\/\/ceccartulcea.ro\/ro\/wp-content\/uploads\/2025\/03\/Programa-CA-examen-acces-2025.pdf\">Programa aferent\u0103 examenului de acces la stagiu \u00een vederea ob\u0163inerii calit\u0103\u0163ii de contabil autorizat<\/a><\/li><\/ul>\t\t\t\t\t\t\t<\/div>\n\t\t\t\t\t\t<div id=\"tab-cont-435841a89aa1e8b5e1a52a967d0eb145-4\"\n\t\t\t     class=\"tab-pane fade \">\n\t\t\t\t\n\t\t\t\t\t\t\t\t\t<header><div role=\"navigation\"><nav>Dosarul de \u00eenscriere se poate depune:<\/p><p>A. ONLINE<\/p><p>B. La sediul oric\u0103rei\u00a0<a title=\"\" href=\"https:\/\/ceccar.ro\/ro\/?page_id=455\" target=\"_blank\" rel=\"noopener\">filiale CECCAR<\/a><\/p><div class=\"wp-block-stackable-button-group stk-block-button-group stk-block stk-480cdad\" data-block-id=\"480cdad\"><div class=\"stk-row stk-inner-blocks has-text-align-center stk-block-content stk-button-group\"><div class=\"wp-block-stackable-button stk-block-button has-text-align-center stk-block stk-f6466ff\" data-block-id=\"f6466ff\"><a class=\"stk-link stk-button stk--hover-effect-darken\" href=\"https:\/\/stagiu.ceccar.ro\/core\/admin\/login.php\" target=\"_blank\" rel=\"noreferrer noopener\"><span class=\"stk-button__inner-text\">\u00censcrie-te online la examenul de acces<\/span><\/a><\/div><\/div><\/div><p class=\"has-text-align-left\"><strong>A.<\/strong>\u00a0<strong>Instruc\u021biuni privind completarea formularului online de \u00eenscriere:<\/strong><\/p><ul class=\"wp-block-list\"><li>Candidatul se va \u00eenscrie cu numele complet (cu majuscule), conform actului de identitate, prin completarea adresei de e-mail corect\u0103 \u0219i a num\u0103rului de telefon.<\/li><\/ul><ul class=\"wp-block-list\"><li>Dup\u0103 completarea tuturor c\u00e2mpurilor din platforma CECCAR, candidatul va primi un e-mail de confirmare privind activarea contului \u00een cadrul platformei.<\/li><\/ul><ul class=\"wp-block-list\"><li>De asemenea, dup\u0103 verificarea documentelor \u00eenc\u0103rcate, candidatul va primi un mesaj privind validarea dosarului \u0219i dreptul de participare la examenul de admitere la stagiu.<\/li><\/ul><ul class=\"wp-block-list\"><li>Pentru documentele de \u00eenscriere pentru care exist\u0103 formulare tipizate CECCAR se vor respecta modelele \u00eenc\u0103rcate \u00een platform\u0103.<\/li><\/ul><ul class=\"wp-block-list\"><li>Centrele de examen sunt stabilite, dup\u0103 finalizarea \u00eenscrierilor, \u00een func\u021bie de num\u0103rul candida\u021bilor \u00eenscri\u0219i prin arondarea filialelor la centrele de examen.<p><em>Av\u00e2nd \u00een vedere faptul c\u0103 la momentul \u00eenscrierii nu avem stabilite centrele de examen, \u00een momentul complet\u0103rii formularului de \u00eenscriere prin platforma CECCAR avem rug\u0103mintea s\u0103 selecta\u021bi tot filiala de domiciliu, urm\u00e2nd ca aceast\u0103 s\u0103 fie repartizat\u0103 unui centru de examen, dup\u0103 ce sunt stabilite. \u00cen situa\u021bia \u00een care opta\u021bi pentru un anumit centru de examen v\u0103 rug\u0103m s\u0103 selecta\u021bi filiala corespunz\u0103toare.<\/em><\/li><\/ul><ul class=\"wp-block-list\"><li>Pentru confirmarea \u00eenscrierii \u00een stagiu, candida\u021bii care depun dosarul de \u00eenscriere online, prin platforma CECCAR, au obliga\u021bia depunerii documentelor \u00een original, dup\u0103 sus\u021binerea \u0219i promovarea examenului de admitere la stagiu, odat\u0103 cu \u00eenscrierea \u00een stagiu \u00een cadrul filialei CECCAR.<\/li><\/ul><ul class=\"wp-block-list\"><li>Persoanele care au beneficiat de vouchere care susbstituie taxa de \u00eenscriere la examenul de admitere la stagiu vor anexa\/\u00eenc\u0103rca la dosarul de \u00eenscriere voucherul.<\/li><\/ul><p>&nbsp;<\/p><p><strong>B. Instruc\u021biuni pentru depunerea dosarului la sediul filialelor CECCAR<\/strong><\/p><p>Con\u021binutul dosarului de \u00eenscriere pentru sus\u021binerea examenului de admitere la stagiu \u00een vederea ob\u0163inerii\u00a0<strong>calit\u0103\u0163ii de expert contabil<\/strong>:<\/p><ul class=\"wp-block-list\"><li>cererea de \u00eenscriere (<a title=\"\" href=\"https:\/\/ceccar.ro\/ro\/wp-content\/uploads\/2025\/03\/Cerere-inscriere-examen-admitere.pdf\" target=\"_blank\" rel=\"noopener\">model Anex\u0103<\/a>);<\/li><li>copie CI;<\/li><li>documentul medical din care s\u0103 rezulte c\u0103 solicitantul are capacitate de exerci\u021biu deplin\u0103;<\/li><li>curriculum vitae (<a title=\"\" href=\"https:\/\/ceccar.ro\/ro\/wp-content\/uploads\/2025\/03\/CV.pdf\" target=\"_blank\" rel=\"noopener\">model Anex\u0103<\/a>);<\/li><li>copia diplomei care atest\u0103 finalizarea studiilor superioare economice cu diplom\u0103 recunoscut\u0103 de Ministerul Educa\u021biei, cu precizarea c\u0103 certificarea copiei pentru conformitate cu originalul se realizeaz\u0103 de c\u0103tre personalul CECCAR;<\/li><li>certificat de cazier judiciar cu termen de valabilitate neexpirat;<\/li><li>dovada achit\u0103rii taxei de \u00eenscriere la examen \u00een cuantum de 175 Euro (c\/v \u00een lei la cursul BNR din ziua pl\u0103\u0163ii);<\/li><li>acordul GDPR (<a title=\"\" href=\"https:\/\/ceccar.ro\/ro\/wp-content\/uploads\/2025\/03\/Acord-GDPR.pdf\" target=\"_blank\" rel=\"noopener\">model Anex\u0103<\/a>)<\/li><\/ul><p>Con\u021binutul dosarului de \u00eenscriere pentru sus\u021binerea examenului de admitere la stagiu \u00een vederea ob\u0163inerii\u00a0<strong>calit\u0103\u0163ii de contabil autorizat<\/strong>:<\/p><ul class=\"wp-block-list\"><li>cererea de \u00eenscriere (<a title=\"\" href=\"https:\/\/ceccar.ro\/ro\/wp-content\/uploads\/2025\/03\/Cerere-inscriere-examen-admitere.pdf\" target=\"_blank\" rel=\"noopener\">model Anex\u0103<\/a>);<\/li><li>copie CI;<\/li><li>documentul medical din care s\u0103 rezulte c\u0103 solicitantul are capacitate de exerci\u021biu deplin\u0103;<\/li><li>curriculum vitae (<a title=\"\" href=\"https:\/\/ceccar.ro\/ro\/wp-content\/uploads\/2025\/03\/CV.pdf\" target=\"_blank\" rel=\"noopener\">model Anex\u0103<\/a>);<\/li><li>copia diplomei care atest\u0103 finalizarea studiilor medii cu diplom\u0103 recunoscut\u0103 de Ministerul Educa\u021biei, cu precizarea c\u0103 certificarea copiei pentru conformitate cu originalul se realizeaz\u0103 de c\u0103tre personalul CECCAR;<\/li><li>certificat de cazier judiciar cu termen de valabilitate neexpirat;<\/li><li>dovada achit\u0103rii taxei de \u00eenscriere la examen \u00een cuantum de 125 Euro (c\/v \u00een lei la cursul BNR din ziua pl\u0103\u0163ii);<\/li><li>acordul GDPR \u00a0(<a title=\"\" href=\"https:\/\/ceccar.ro\/ro\/wp-content\/uploads\/2025\/03\/Acord-GDPR.pdf\" target=\"_blank\" rel=\"noopener\">model Anex\u0103<\/a>);<\/li><\/ul><\/nav><\/div><div role=\"navigation\"><nav>Actele trebuie prezentate \u00een ordinea men\u021bionat\u0103, \u00een dosar cu \u0219in\u0103, \u0219i se depun la Filiala CECCAR Tulcea, str. S\u0103lciilor nr. 2.<\/p><\/nav><\/div><\/header>\t\t\t\t\t\t\t<\/div>\n\t\t\t\t\t\t<div id=\"tab-cont-435841a89aa1e8b5e1a52a967d0eb145-5\"\n\t\t\t     class=\"tab-pane fade \">\n\t\t\t\t\n\t\t\t\t\t\t\t\t\t<header><div role=\"navigation\"><nav id=\"fw-menu-primary\"><header><strong>Structur\u0103 probe examene \u0219i condi\u021bii promovabilitate<\/strong><\/p><p>Examenul de admitere la stagiu se va organiza \u00een zilele de\u00a0<strong>2-3 octombrie 2025<\/strong>\u00a0\u0219i const\u0103 \u00een urm\u0103toarele:<\/p><ul class=\"wp-block-list\"><li><strong>Pentru categoria de expert contabil, sus\u021binerea a dou\u0103 probe scrise, dup\u0103 cum urmeaz\u0103:<\/strong><ul class=\"wp-block-list\"><li>o prob\u0103 scris\u0103 cu subiecte din disciplinele\u00a0<em>Contabilitate, Fiscalitate\u00a0<\/em>\u015fi<em>\u00a0Drept<\/em>, cu o durat\u0103 de 3 ore;<\/li><li>o prob\u0103 scris\u0103 cu subiecte din disciplinele\u00a0<em>Evaluare economic\u0103 \u015fi financiar\u0103 a \u00eentreprinderilor, Audit, Expertiz\u0103 contabil\u0103 \u015fi Doctrina \u015fi deontologia profesiei contabile<\/em>, cu o durat\u0103 de 3 ore;<\/li><\/ul><\/li><\/ul><ul class=\"wp-block-list\"><li><strong>Pentru categoria contabililor autoriza\u0163i care \u00eendeplinesc condi\u0163ia de studii superioare economice\u00a0<\/strong>sus\u021binerea\u00a0unei probe scrise cu subiecte din disciplinele\u00a0<em>Contabilitate, Evaluare economic\u0103 \u015fi financiar\u0103 a \u00eentreprinderilor, Audit, Expertiz\u0103 contabil\u0103, Doctrina\u00a0\u015fi deontologia profesiei contabile<\/em>\u00a0cu o durat\u0103 de 4 ore;<\/li><\/ul><ul class=\"wp-block-list\"><li><strong>Pentru categoria de contabil autorizat<\/strong>\u00a0sus\u021binerea unei probe scrise, cu subiecte\u00a0din disciplinele\u00a0<em>Contabilitate<\/em>,\u00a0<em>Fiscalitate<\/em>\u00a0\u015fi\u00a0<em>Drept<\/em>, cu o durat\u0103 de 3 ore.<\/li><\/ul><p>Se declar\u0103 admi\u0219i candida\u021bii care ob\u021bin cel pu\u021bin media 7 \u0219i minimum nota 6 la fiecare disciplin\u0103 de examen.<\/p><\/header><header><\/header><header><\/header><\/nav><\/div><\/header>\t\t\t\t\t\t\t<\/div>\n\t\t\t\t\t\t<div id=\"tab-cont-435841a89aa1e8b5e1a52a967d0eb145-6\"\n\t\t\t     class=\"tab-pane fade \">\n\t\t\t\t\n\t\t\t\t\t\t\t\t\t<header><div role=\"navigation\"><nav id=\"fw-menu-primary\"><header><header><strong>Organizare cursuri preg\u0103tire examen admitere stagiu<\/strong><\/p><p>Pentru a veni \u00een sprijinul persoanelor care doresc \u00eenscrierea la examenul de admitere la stagiu CECCAR organizeaz\u0103 o serie de sesiuni de preg\u0103tire gratuite.<\/p><p>Cursurile de preg\u0103tire vor avea loc \u00een format online, pe platforma ZOOM, \u0219i vor aborda\u00a0cele\u00a0\u0219apte\u00a0discipline ale\u00a0examenului de admitere la stagiu:\u00a0<strong><em>Contabilitate, Fiscalitate, Drept, Audit, Evaluarea \u00eentreprinderii, Expertiz\u0103 contabil\u0103, Doctrin\u0103\u00a0\u0219i deontologia profesiei contabile<\/em><\/strong>.<\/p><p>Participarea gratuit\u0103 la cursurile de preg\u0103tire organizate de CECCAR este condi\u021bionat\u0103 de achizi\u021bionarea\u00a0<strong><em><a title=\"\" href=\"https:\/\/librarie.ceccar.ro\/ghiduri-examene\/66-ghid-pentru-examenul-de-acces-la-stagiul-pentru-obtinerea-calitatii-de-expert-contabil-si-de-contabil-autorizat-2024.html\" target=\"_blank\" rel=\"noopener\">Ghidului pentru examenul de acces la stagiul pentru ob\u021binerea calit\u0103\u021bii de expert contabil si de contabil autorizat<\/a><\/em><\/strong>, emis de CECCAR, \u0219i de depunerea dosarului de \u00eenscriere.<\/p><p>Perioada de organizare a cursurilor de preg\u0103tire va fi anun\u021bat\u0103 \u00een perioada urm\u0103toare.<\/p><\/header><\/header><\/nav><\/div><\/header>\t\t\t\t\t\t\t<\/div>\n\t\t\t\t<\/div>\n<\/div><div class=\"fw-divider-space space-sm  clearfix\"  ><\/div>\t\t<\/div>\n\t<\/div>\n<\/div><\/div>\n\n\t<\/div>\n\t<\/section>\n","protected":false},"excerpt":{"rendered":"<p>Examenul de acces la stagiu Anun\u0163uri \u015fi nout\u0103\u0163i Regulament privind accesul la profesia de expert contabil \u015fi de contabil autorizat Programa aferent\u0103 examenului de acces la stagiu Dosarul de \u00eenscriere la examenul de acces la [&hellip;]<\/p>\n","protected":false},"author":1,"featured_media":0,"parent":288,"menu_order":0,"comment_status":"closed","ping_status":"closed","template":"visual-builder-template.php","meta":{"footnotes":""},"class_list":["post-572","page","type-page","status-publish","hentry"],"brizy_media":[],"_links":{"self":[{"href":"https:\/\/ceccartulcea.ro\/ro\/wp-json\/wp\/v2\/pages\/572","targetHints":{"allow":["GET"]}}],"collection":[{"href":"https:\/\/ceccartulcea.ro\/ro\/wp-json\/wp\/v2\/pages"}],"about":[{"href":"https:\/\/ceccartulcea.ro\/ro\/wp-json\/wp\/v2\/types\/page"}],"author":[{"embeddable":true,"href":"https:\/\/ceccartulcea.ro\/ro\/wp-json\/wp\/v2\/users\/1"}],"replies":[{"embeddable":true,"href":"https:\/\/ceccartulcea.ro\/ro\/wp-json\/wp\/v2\/comments?post=572"}],"version-history":[{"count":57,"href":"https:\/\/ceccartulcea.ro\/ro\/wp-json\/wp\/v2\/pages\/572\/revisions"}],"predecessor-version":[{"id":10791,"href":"https:\/\/ceccartulcea.ro\/ro\/wp-json\/wp\/v2\/pages\/572\/revisions\/10791"}],"up":[{"embeddable":true,"href":"https:\/\/ceccartulcea.ro\/ro\/wp-json\/wp\/v2\/pages\/288"}],"wp:attachment":[{"href":"https:\/\/ceccartulcea.ro\/ro\/wp-json\/wp\/v2\/media?parent=572"}],"curies":[{"name":"wp","href":"https:\/\/api.w.org\/{rel}","templated":true}]}}